{"id":12963,"date":"2025-12-04T19:16:01","date_gmt":"2025-12-04T19:16:01","guid":{"rendered":"https:\/\/www.wirtschaftsverein.at\/?page_id=12963"},"modified":"2025-12-16T10:40:31","modified_gmt":"2025-12-16T10:40:31","slug":"atrium","status":"publish","type":"page","link":"https:\/\/www.wirtschaftsverein.at\/?page_id=12963","title":{"rendered":"Atrium"},"content":{"rendered":"\t\t<div data-elementor-type=\"wp-page\" data-elementor-id=\"12963\" class=\"elementor elementor-12963\">\n\t\t\t\t<div class=\"elementor-element elementor-element-7838e103 e-flex e-con-boxed e-con e-parent\" data-id=\"7838e103\" data-element_type=\"container\">\n\t\t\t\t\t<div class=\"e-con-inner\">\n\t\t\t\t<div class=\"elementor-element elementor-element-13c46099 elementor-widget elementor-widget-image\" data-id=\"13c46099\" data-element_type=\"widget\" data-widget_type=\"image.default\">\n\t\t\t\t<div class=\"elementor-widget-container\">\n\t\t\t\t\t\t\t\t\t\t\t\t\t\t\t<img decoding=\"async\" width=\"300\" height=\"107\" src=\"https:\/\/www.wirtschaftsverein.at\/wp-content\/uploads\/2025\/12\/webLogo-Atrium-RGB-300x107.jpg\" class=\"attachment-medium size-medium wp-image-13452\" alt=\"\" srcset=\"https:\/\/www.wirtschaftsverein.at\/wp-content\/uploads\/2025\/12\/webLogo-Atrium-RGB-300x107.jpg 300w, https:\/\/www.wirtschaftsverein.at\/wp-content\/uploads\/2025\/12\/webLogo-Atrium-RGB-768x274.jpg 768w, https:\/\/www.wirtschaftsverein.at\/wp-content\/uploads\/2025\/12\/webLogo-Atrium-RGB.jpg 1000w\" sizes=\"(max-width: 300px) 100vw, 300px\" \/>\t\t\t\t\t\t\t\t\t\t\t\t\t\t\t<\/div>\n\t\t\t\t<\/div>\n\t\t\t\t<div class=\"elementor-element elementor-element-1bbb7546 elementor-widget elementor-widget-qi_addons_for_elementor_business_hours\" data-id=\"1bbb7546\" data-element_type=\"widget\" data-widget_type=\"qi_addons_for_elementor_business_hours.default\">\n\t\t\t\t<div class=\"elementor-widget-container\">\n\t\t\t\t\t<div class=\"qodef-shortcode qodef-m qodef-qi-business-hours qodef-layout--standard qodef-line-type--between qodef-resposive--no qodef-text-underline\">\n\t<div class=\"qodef-m-inner\">\n\t\t\t<h5 class=\"qodef-m-subtitle\">\n\t\tRaum f\u00fcr Ideen\t<\/h5>\n\t\t\t<h2 class=\"qodef-m-title\">\n\t\tAtrium\t<\/h2>\n\t\t\t\t<div class=\"qodef-m-items\">\n\t\t\t<div class=\"qodef-e qodef-e-item elementor-repeater-item-14a1356\">\n\t\t\t<div class=\"qodef-e-title-holder\">\n\t\t\t\t\t\t<h5 class=\"qodef-e-day\">\n\t\t\t\tAdresse\t\t\t<\/h5>\n\t\t<\/div>\n\t\t<div class=\"qodef-e-line\"><\/div>\n\t\t\t\t\t<p class=\"qodef-e-hours\">\n\t\t\t\tMontfortplatz 2, 6923 Lauterach\t\t\t<\/p>\n\t\t\t<\/div>\n<div class=\"qodef-e qodef-e-item elementor-repeater-item-dba2b1c\">\n\t\t\t<div class=\"qodef-e-title-holder\">\n\t\t\t\t\t\t<h5 class=\"qodef-e-day\">\n\t\t\t\tTelefon\t\t\t<\/h5>\n\t\t<\/div>\n\t\t<div class=\"qodef-e-line\"><\/div>\n\t\t\t\t\t<p class=\"qodef-e-hours\">\n\t\t\t\t0557484444\t\t\t<\/p>\n\t\t\t<\/div>\n<div class=\"qodef-e qodef-e-item elementor-repeater-item-dda1a46\">\n\t\t\t<div class=\"qodef-e-title-holder\">\n\t\t\t\t\t\t<h5 class=\"qodef-e-day\">\n\t\t\t\tE-Mail\t\t\t<\/h5>\n\t\t<\/div>\n\t\t<div class=\"qodef-e-line\"><\/div>\n\t\t\t\t\t<p class=\"qodef-e-hours\">\n\t\t\t\toffice@atrium.at\t\t\t<\/p>\n\t\t\t<\/div>\n<div class=\"qodef-e qodef-e-item elementor-repeater-item-d9124d4\">\n\t\t\t<div class=\"qodef-e-title-holder\">\n\t\t\t\t\t\t<h5 class=\"qodef-e-day\">\n\t\t\t\tWebseite\t\t\t<\/h5>\n\t\t<\/div>\n\t\t<div class=\"qodef-e-line\"><\/div>\n\t\t\t\t\t<p class=\"qodef-e-hours\">\n\t\t\t\twww.atrium.at\t\t\t<\/p>\n\t\t\t<\/div>\n<div class=\"qodef-e qodef-e-item elementor-repeater-item-c2176fe\">\n\t\t\t<div class=\"qodef-e-title-holder\">\n\t\t\t\t\t\t<h5 class=\"qodef-e-day\">\n\t\t\t\tGr\u00fcndungsjahr\t\t\t<\/h5>\n\t\t<\/div>\n\t\t<div class=\"qodef-e-line\"><\/div>\n\t\t\t\t\t<p class=\"qodef-e-hours\">\n\t\t\t\t1989\t\t\t<\/p>\n\t\t\t<\/div>\n<div class=\"qodef-e qodef-e-item elementor-repeater-item-6fa577a\">\n\t\t\t<div class=\"qodef-e-title-holder\">\n\t\t\t\t\t\t<h5 class=\"qodef-e-day\">\n\t\t\t\t\u00d6ffnungszeiten\t\t\t<\/h5>\n\t\t<\/div>\n\t\t<div class=\"qodef-e-line\"><\/div>\n\t\t\t\t\t<p class=\"qodef-e-hours\">\n\t\t\t\tMontag - Freitag 8:00 - 12:00 und Montag bis Donnerstag 14:00 - 17:00\t\t\t<\/p>\n\t\t\t<\/div>\n\t\t<\/div>\n\t\t\t<div class=\"qodef-m-text\">\n\t\t<p><br \/><strong>Seit \u00fcber 35 Jahren sind wir in den Bereichen Wohnbau, Immobilien, Projektentwicklung und Architektur t\u00e4tig. Dabei setzen wir auf hochwertige Bauweise, zeitgem\u00e4\u00dfe Architektur und \u00f6kologisch nachhaltige L\u00f6sungen. Durch unser interdisziplin\u00e4res Team aus Immobilienmaklern, Architekten und Bauleitern profitieren unsere Kunden von umfassendem Know-how, individueller Betreuung und unserem MehrWert-Paket. Unsere Mission ist es, Lebensr\u00e4ume zu schaffen, die h\u00f6chste Wohn- und Lebensqualit\u00e4t bieten.<\/strong><\/p><ul><li>Wohnbau, Immobilien, Projektentwicklung und Architektur<\/li><li>Anspruchsvolle Architektur, hochwertige Ausstattung, nachhaltige Bauweise<\/li><li>Pers\u00f6nliche Betreuung und partnerschaftliche Zusammenarbeit<\/li><\/ul>\t<\/div>\n\t<\/div>\n<\/div>\n\t\t\t\t<\/div>\n\t\t\t\t<\/div>\n\t\t\t\t<div class=\"elementor-element elementor-element-3239a8fc elementor-shape-circle elementor-grid-0 e-grid-align-center elementor-widget elementor-widget-social-icons\" data-id=\"3239a8fc\" data-element_type=\"widget\" data-widget_type=\"social-icons.default\">\n\t\t\t\t<div class=\"elementor-widget-container\">\n\t\t\t\t\t\t\t<div class=\"elementor-social-icons-wrapper elementor-grid\" role=\"list\">\n\t\t\t\t\t\t\t<span class=\"elementor-grid-item\" role=\"listitem\">\n\t\t\t\t\t<a class=\"elementor-icon elementor-social-icon elementor-social-icon-instagram elementor-repeater-item-e51729e\" href=\"https:\/\/www.instagram.com\/atrium_wohnen\/\" target=\"_blank\">\n\t\t\t\t\t\t<span class=\"elementor-screen-only\">Instagram<\/span>\n\t\t\t\t\t\t<svg aria-hidden=\"true\" class=\"e-font-icon-svg e-fab-instagram\" viewBox=\"0 0 448 512\" xmlns=\"http:\/\/www.w3.org\/2000\/svg\"><path d=\"M224.1 141c-63.6 0-114.9 51.3-114.9 114.9s51.3 114.9 114.9 114.9S339 319.5 339 255.9 287.7 141 224.1 141zm0 189.6c-41.1 0-74.7-33.5-74.7-74.7s33.5-74.7 74.7-74.7 74.7 33.5 74.7 74.7-33.6 74.7-74.7 74.7zm146.4-194.3c0 14.9-12 26.8-26.8 26.8-14.9 0-26.8-12-26.8-26.8s12-26.8 26.8-26.8 26.8 12 26.8 26.8zm76.1 27.2c-1.7-35.9-9.9-67.7-36.2-93.9-26.2-26.2-58-34.4-93.9-36.2-37-2.1-147.9-2.1-184.9 0-35.8 1.7-67.6 9.9-93.9 36.1s-34.4 58-36.2 93.9c-2.1 37-2.1 147.9 0 184.9 1.7 35.9 9.9 67.7 36.2 93.9s58 34.4 93.9 36.2c37 2.1 147.9 2.1 184.9 0 35.9-1.7 67.7-9.9 93.9-36.2 26.2-26.2 34.4-58 36.2-93.9 2.1-37 2.1-147.8 0-184.8zM398.8 388c-7.8 19.6-22.9 34.7-42.6 42.6-29.5 11.7-99.5 9-132.1 9s-102.7 2.6-132.1-9c-19.6-7.8-34.7-22.9-42.6-42.6-11.7-29.5-9-99.5-9-132.1s-2.6-102.7 9-132.1c7.8-19.6 22.9-34.7 42.6-42.6 29.5-11.7 99.5-9 132.1-9s102.7-2.6 132.1 9c19.6 7.8 34.7 22.9 42.6 42.6 11.7 29.5 9 99.5 9 132.1s2.7 102.7-9 132.1z\"><\/path><\/svg>\t\t\t\t\t<\/a>\n\t\t\t\t<\/span>\n\t\t\t\t\t\t\t<span class=\"elementor-grid-item\" role=\"listitem\">\n\t\t\t\t\t<a class=\"elementor-icon elementor-social-icon elementor-social-icon-link elementor-repeater-item-8cec8a1\" href=\"http:\/\/www.atrium.at\" target=\"_blank\">\n\t\t\t\t\t\t<span class=\"elementor-screen-only\">Link<\/span>\n\t\t\t\t\t\t<svg aria-hidden=\"true\" class=\"e-font-icon-svg e-fas-link\" viewBox=\"0 0 512 512\" xmlns=\"http:\/\/www.w3.org\/2000\/svg\"><path d=\"M326.612 185.391c59.747 59.809 58.927 155.698.36 214.59-.11.12-.24.25-.36.37l-67.2 67.2c-59.27 59.27-155.699 59.262-214.96 0-59.27-59.26-59.27-155.7 0-214.96l37.106-37.106c9.84-9.84 26.786-3.3 27.294 10.606.648 17.722 3.826 35.527 9.69 52.721 1.986 5.822.567 12.262-3.783 16.612l-13.087 13.087c-28.026 28.026-28.905 73.66-1.155 101.96 28.024 28.579 74.086 28.749 102.325.51l67.2-67.19c28.191-28.191 28.073-73.757 0-101.83-3.701-3.694-7.429-6.564-10.341-8.569a16.037 16.037 0 0 1-6.947-12.606c-.396-10.567 3.348-21.456 11.698-29.806l21.054-21.055c5.521-5.521 14.182-6.199 20.584-1.731a152.482 152.482 0 0 1 20.522 17.197zM467.547 44.449c-59.261-59.262-155.69-59.27-214.96 0l-67.2 67.2c-.12.12-.25.25-.36.37-58.566 58.892-59.387 154.781.36 214.59a152.454 152.454 0 0 0 20.521 17.196c6.402 4.468 15.064 3.789 20.584-1.731l21.054-21.055c8.35-8.35 12.094-19.239 11.698-29.806a16.037 16.037 0 0 0-6.947-12.606c-2.912-2.005-6.64-4.875-10.341-8.569-28.073-28.073-28.191-73.639 0-101.83l67.2-67.19c28.239-28.239 74.3-28.069 102.325.51 27.75 28.3 26.872 73.934-1.155 101.96l-13.087 13.087c-4.35 4.35-5.769 10.79-3.783 16.612 5.864 17.194 9.042 34.999 9.69 52.721.509 13.906 17.454 20.446 27.294 10.606l37.106-37.106c59.271-59.259 59.271-155.699.001-214.959z\"><\/path><\/svg>\t\t\t\t\t<\/a>\n\t\t\t\t<\/span>\n\t\t\t\t\t<\/div>\n\t\t\t\t\t\t<\/div>\n\t\t\t\t<\/div>\n\t\t\t\t<div class=\"elementor-element elementor-element-123c7dea elementor-widget-divider--view-line elementor-widget elementor-widget-divider\" data-id=\"123c7dea\" data-element_type=\"widget\" data-widget_type=\"divider.default\">\n\t\t\t\t<div class=\"elementor-widget-container\">\n\t\t\t\t\t\t\t<div class=\"elementor-divider\">\n\t\t\t<span class=\"elementor-divider-separator\">\n\t\t\t\t\t\t<\/span>\n\t\t<\/div>\n\t\t\t\t\t\t<\/div>\n\t\t\t\t<\/div>\n\t\t\t\t\t<\/div>\n\t\t\t\t<\/div>\n\t\t<div class=\"elementor-element elementor-element-2b0d0a5a e-flex e-con-boxed e-con e-parent\" data-id=\"2b0d0a5a\" data-element_type=\"container\">\n\t\t\t\t\t<div class=\"e-con-inner\">\n\t\t\t\t<div class=\"elementor-element elementor-element-3e3526db elementor-widget elementor-widget-qi_addons_for_elementor_image_slider\" data-id=\"3e3526db\" data-element_type=\"widget\" data-widget_type=\"qi_addons_for_elementor_image_slider.default\">\n\t\t\t\t<div class=\"elementor-widget-container\">\n\t\t\t\t\t<div class=\"qodef-shortcode qodef-m qodef-qi-image-slider qodef-qi-fslightbox-popup qodef-popup-gallery qodef-col-num--3 qodef-qi-grid qodef-qi-swiper-container qodef-navigation--inside qodef-pagination--inside qodef-navigation--hover-move\" data-options=\"{&quot;direction&quot;:&quot;horizontal&quot;,&quot;slidesPerView&quot;:&quot;3&quot;,&quot;spaceBetween&quot;:30,&quot;spaceBetweenTablet&quot;:30,&quot;spaceBetweenMobile&quot;:30,&quot;effect&quot;:&quot;&quot;,&quot;loop&quot;:true,&quot;autoplay&quot;:true,&quot;centeredSlides&quot;:false,&quot;speed&quot;:&quot;&quot;,&quot;speedAnimation&quot;:&quot;&quot;,&quot;outsideNavigation&quot;:&quot;no&quot;,&quot;outsidePagination&quot;:&quot;no&quot;,&quot;unique&quot;:806,&quot;partialValue&quot;:0,&quot;disablePartialValue&quot;:&quot;&quot;,&quot;parallax&quot;:&quot;no&quot;}\">\n\t<div class=\"swiper-wrapper\">\n\t\t<div class=\"qodef-e swiper-slide\">\n\t<div class=\"qodef-e-inner\">\n\t\t<div class=\"qodef-e-inner-holder\">\n\t\t\t\t\t\t\t<a class=\"qodef-popup-item\" itemprop=\"image\" href=\"https:\/\/www.wirtschaftsverein.at\/wp-content\/uploads\/2025\/12\/web0K5A4778.jpg\" data-type=\"image\" data-fslightbox=\"gallery-806\" data-e-disable-page-transition=\u201dtrue\u201d>\n\t\t\t\t\t\t\t<img fetchpriority=\"high\" decoding=\"async\" width=\"1000\" height=\"877\" src=\"https:\/\/www.wirtschaftsverein.at\/wp-content\/uploads\/2025\/12\/web0K5A4778.jpg\" class=\"attachment-full size-full\" alt=\"\" srcset=\"https:\/\/www.wirtschaftsverein.at\/wp-content\/uploads\/2025\/12\/web0K5A4778.jpg 1000w, https:\/\/www.wirtschaftsverein.at\/wp-content\/uploads\/2025\/12\/web0K5A4778-300x263.jpg 300w, https:\/\/www.wirtschaftsverein.at\/wp-content\/uploads\/2025\/12\/web0K5A4778-768x674.jpg 768w\" sizes=\"(max-width: 1000px) 100vw, 1000px\" \/>\t\t\t\t\t\t\t<\/a>\n\t\t\t\t\t<\/div>\n\t<\/div>\n\t<\/div>\n<div class=\"qodef-e swiper-slide\">\n\t<div class=\"qodef-e-inner\">\n\t\t<div class=\"qodef-e-inner-holder\">\n\t\t\t\t\t\t\t<a class=\"qodef-popup-item\" itemprop=\"image\" href=\"https:\/\/www.wirtschaftsverein.at\/wp-content\/uploads\/2025\/12\/webAtrium-5.jpg\" data-type=\"image\" data-fslightbox=\"gallery-806\" data-e-disable-page-transition=\u201dtrue\u201d>\n\t\t\t\t\t\t\t<img decoding=\"async\" width=\"1000\" height=\"667\" src=\"https:\/\/www.wirtschaftsverein.at\/wp-content\/uploads\/2025\/12\/webAtrium-5.jpg\" class=\"attachment-full size-full\" alt=\"\" srcset=\"https:\/\/www.wirtschaftsverein.at\/wp-content\/uploads\/2025\/12\/webAtrium-5.jpg 1000w, https:\/\/www.wirtschaftsverein.at\/wp-content\/uploads\/2025\/12\/webAtrium-5-300x200.jpg 300w, https:\/\/www.wirtschaftsverein.at\/wp-content\/uploads\/2025\/12\/webAtrium-5-768x512.jpg 768w\" sizes=\"(max-width: 1000px) 100vw, 1000px\" \/>\t\t\t\t\t\t\t<\/a>\n\t\t\t\t\t<\/div>\n\t<\/div>\n\t<\/div>\n<div class=\"qodef-e swiper-slide\">\n\t<div class=\"qodef-e-inner\">\n\t\t<div class=\"qodef-e-inner-holder\">\n\t\t\t\t\t\t\t<a class=\"qodef-popup-item\" itemprop=\"image\" href=\"https:\/\/www.wirtschaftsverein.at\/wp-content\/uploads\/2025\/12\/WEBatrium-heufurt-wohnung_026_be.jpg\" data-type=\"image\" data-fslightbox=\"gallery-806\" data-e-disable-page-transition=\u201dtrue\u201d>\n\t\t\t\t\t\t\t<img loading=\"lazy\" decoding=\"async\" width=\"1000\" height=\"1000\" src=\"https:\/\/www.wirtschaftsverein.at\/wp-content\/uploads\/2025\/12\/WEBatrium-heufurt-wohnung_026_be.jpg\" class=\"attachment-full size-full\" alt=\"\" srcset=\"https:\/\/www.wirtschaftsverein.at\/wp-content\/uploads\/2025\/12\/WEBatrium-heufurt-wohnung_026_be.jpg 1000w, https:\/\/www.wirtschaftsverein.at\/wp-content\/uploads\/2025\/12\/WEBatrium-heufurt-wohnung_026_be-300x300.jpg 300w, https:\/\/www.wirtschaftsverein.at\/wp-content\/uploads\/2025\/12\/WEBatrium-heufurt-wohnung_026_be-150x150.jpg 150w, https:\/\/www.wirtschaftsverein.at\/wp-content\/uploads\/2025\/12\/WEBatrium-heufurt-wohnung_026_be-768x768.jpg 768w, https:\/\/www.wirtschaftsverein.at\/wp-content\/uploads\/2025\/12\/WEBatrium-heufurt-wohnung_026_be-650x650.jpg 650w\" sizes=\"(max-width: 1000px) 100vw, 1000px\" \/>\t\t\t\t\t\t\t<\/a>\n\t\t\t\t\t<\/div>\n\t<\/div>\n\t<\/div>\n\t<\/div>\n\t\t<div class=\"swiper-button-prev\"><svg class=\"qodef-swiper-arrow-left\" xmlns=\"http:\/\/www.w3.org\/2000\/svg\" x=\"0px\" y=\"0px\" viewBox=\"0 0 34.2 32.3\" xml:space=\"preserve\" style=\"stroke-width: 2;\"><line x1=\"0.5\" y1=\"16\" x2=\"33.5\" y2=\"16\"\/><line x1=\"0.3\" y1=\"16.5\" x2=\"16.2\" y2=\"0.7\"\/><line x1=\"0\" y1=\"15.4\" x2=\"16.2\" y2=\"31.6\"\/><\/svg><\/div>\n\t<div class=\"swiper-button-next\"><svg class=\"qodef-swiper-arrow-right\" xmlns=\"http:\/\/www.w3.org\/2000\/svg\" x=\"0px\" y=\"0px\" viewBox=\"0 0 34.2 32.3\" xml:space=\"preserve\" style=\"stroke-width: 2;\"><line x1=\"0\" y1=\"16\" x2=\"33\" y2=\"16\"\/><line x1=\"17.3\" y1=\"0.7\" x2=\"33.2\" y2=\"16.5\"\/><line x1=\"17.3\" y1=\"31.6\" x2=\"33.5\" y2=\"15.4\"\/><\/svg><\/div>\n\t<div class=\"swiper-pagination\"><\/div>\n<\/div>\n\t\t\t\t<\/div>\n\t\t\t\t<\/div>\n\t\t\t\t\t<\/div>\n\t\t\t\t<\/div>\n\t\t<div class=\"elementor-element elementor-element-419d5c4e e-flex e-con-boxed e-con e-parent\" data-id=\"419d5c4e\" data-element_type=\"container\">\n\t\t\t\t\t<div class=\"e-con-inner\">\n\t\t\t\t\t<\/div>\n\t\t\t\t<\/div>\n\t\t\t\t<\/div>\n\t\t","protected":false},"excerpt":{"rendered":"<p>Raum f\u00fcr Ideen Atrium Adresse Montfortplatz 2, 6923 Lauterach Telefon 0557484444 E-Mail office@atrium.at Webseite www.atrium.at Gr\u00fcndungsjahr 1989 \u00d6ffnungszeiten Montag &#8211; Freitag 8:00 &#8211; 12:00 und Montag bis Donnerstag 14:00 &#8211; 17:00 Seit \u00fcber 35 Jahren sind wir in den Bereichen Wohnbau, Immobilien, Projektentwicklung und Architektur t\u00e4tig. Dabei setzen wir auf hochwertige Bauweise, zeitgem\u00e4\u00dfe Architektur und [&hellip;]<\/p>\n","protected":false},"author":1,"featured_media":0,"parent":0,"menu_order":0,"comment_status":"closed","ping_status":"closed","template":"","meta":{"footnotes":""},"class_list":["post-12963","page","type-page","status-publish","hentry"],"yoast_head":"<!-- This site is optimized with the Yoast SEO plugin v26.5 - https:\/\/yoast.com\/wordpress\/plugins\/seo\/ -->\n<title>Atrium - Wirtschaftsverein Lauter<\/title>\n<meta name=\"robots\" content=\"index, follow, max-snippet:-1, max-image-preview:large, max-video-preview:-1\" \/>\n<link rel=\"canonical\" href=\"https:\/\/www.wirtschaftsverein.at\/?page_id=12963\" \/>\n<meta property=\"og:locale\" content=\"de_DE\" \/>\n<meta property=\"og:type\" content=\"article\" \/>\n<meta property=\"og:title\" content=\"Atrium - Wirtschaftsverein Lauter\" \/>\n<meta property=\"og:description\" content=\"Raum f\u00fcr Ideen Atrium Adresse Montfortplatz 2, 6923 Lauterach Telefon 0557484444 E-Mail office@atrium.at Webseite www.atrium.at Gr\u00fcndungsjahr 1989 \u00d6ffnungszeiten Montag &#8211; Freitag 8:00 &#8211; 12:00 und Montag bis Donnerstag 14:00 &#8211; 17:00 Seit \u00fcber 35 Jahren sind wir in den Bereichen Wohnbau, Immobilien, Projektentwicklung und Architektur t\u00e4tig. Dabei setzen wir auf hochwertige Bauweise, zeitgem\u00e4\u00dfe Architektur und [&hellip;]\" \/>\n<meta property=\"og:url\" content=\"https:\/\/www.wirtschaftsverein.at\/?page_id=12963\" \/>\n<meta property=\"og:site_name\" content=\"Wirtschaftsverein Lauter\" \/>\n<meta property=\"article:modified_time\" content=\"2025-12-16T10:40:31+00:00\" \/>\n<meta property=\"og:image\" content=\"https:\/\/www.wirtschaftsverein.at\/wp-content\/uploads\/2025\/12\/webLogo-Atrium-RGB-300x107.jpg\" \/>\n<meta name=\"twitter:card\" content=\"summary_large_image\" \/>\n<meta name=\"twitter:label1\" content=\"Gesch\u00e4tzte Lesezeit\" \/>\n\t<meta name=\"twitter:data1\" content=\"2\u00a0Minuten\" \/>\n<script type=\"application\/ld+json\" class=\"yoast-schema-graph\">{\"@context\":\"https:\/\/schema.org\",\"@graph\":[{\"@type\":\"WebPage\",\"@id\":\"https:\/\/www.wirtschaftsverein.at\/?page_id=12963\",\"url\":\"https:\/\/www.wirtschaftsverein.at\/?page_id=12963\",\"name\":\"Atrium - Wirtschaftsverein Lauter\",\"isPartOf\":{\"@id\":\"https:\/\/www.wirtschaftsverein.at\/#website\"},\"primaryImageOfPage\":{\"@id\":\"https:\/\/www.wirtschaftsverein.at\/?page_id=12963#primaryimage\"},\"image\":{\"@id\":\"https:\/\/www.wirtschaftsverein.at\/?page_id=12963#primaryimage\"},\"thumbnailUrl\":\"https:\/\/www.wirtschaftsverein.at\/wp-content\/uploads\/2025\/12\/webLogo-Atrium-RGB-300x107.jpg\",\"datePublished\":\"2025-12-04T19:16:01+00:00\",\"dateModified\":\"2025-12-16T10:40:31+00:00\",\"breadcrumb\":{\"@id\":\"https:\/\/www.wirtschaftsverein.at\/?page_id=12963#breadcrumb\"},\"inLanguage\":\"de\",\"potentialAction\":[{\"@type\":\"ReadAction\",\"target\":[\"https:\/\/www.wirtschaftsverein.at\/?page_id=12963\"]}]},{\"@type\":\"ImageObject\",\"inLanguage\":\"de\",\"@id\":\"https:\/\/www.wirtschaftsverein.at\/?page_id=12963#primaryimage\",\"url\":\"https:\/\/www.wirtschaftsverein.at\/wp-content\/uploads\/2025\/12\/webLogo-Atrium-RGB.jpg\",\"contentUrl\":\"https:\/\/www.wirtschaftsverein.at\/wp-content\/uploads\/2025\/12\/webLogo-Atrium-RGB.jpg\",\"width\":1000,\"height\":357},{\"@type\":\"BreadcrumbList\",\"@id\":\"https:\/\/www.wirtschaftsverein.at\/?page_id=12963#breadcrumb\",\"itemListElement\":[{\"@type\":\"ListItem\",\"position\":1,\"name\":\"Startseite\",\"item\":\"https:\/\/www.wirtschaftsverein.at\/\"},{\"@type\":\"ListItem\",\"position\":2,\"name\":\"Atrium\"}]},{\"@type\":\"WebSite\",\"@id\":\"https:\/\/www.wirtschaftsverein.at\/#website\",\"url\":\"https:\/\/www.wirtschaftsverein.at\/\",\"name\":\"Wirtschaftsverein Lauter\",\"description\":\"\",\"publisher\":{\"@id\":\"https:\/\/www.wirtschaftsverein.at\/#organization\"},\"potentialAction\":[{\"@type\":\"SearchAction\",\"target\":{\"@type\":\"EntryPoint\",\"urlTemplate\":\"https:\/\/www.wirtschaftsverein.at\/?s={search_term_string}\"},\"query-input\":{\"@type\":\"PropertyValueSpecification\",\"valueRequired\":true,\"valueName\":\"search_term_string\"}}],\"inLanguage\":\"de\"},{\"@type\":\"Organization\",\"@id\":\"https:\/\/www.wirtschaftsverein.at\/#organization\",\"name\":\"Wirtschaftsverein Lauter\",\"url\":\"https:\/\/www.wirtschaftsverein.at\/\",\"logo\":{\"@type\":\"ImageObject\",\"inLanguage\":\"de\",\"@id\":\"https:\/\/www.wirtschaftsverein.at\/#\/schema\/logo\/image\/\",\"url\":\"https:\/\/www.wirtschaftsverein.at\/wp-content\/uploads\/2024\/04\/HWV-Logo.png\",\"contentUrl\":\"https:\/\/www.wirtschaftsverein.at\/wp-content\/uploads\/2024\/04\/HWV-Logo.png\",\"width\":1280,\"height\":482,\"caption\":\"Wirtschaftsverein Lauter\"},\"image\":{\"@id\":\"https:\/\/www.wirtschaftsverein.at\/#\/schema\/logo\/image\/\"}}]}<\/script>\n<!-- \/ Yoast SEO plugin. -->","yoast_head_json":{"title":"Atrium - Wirtschaftsverein Lauter","robots":{"index":"index","follow":"follow","max-snippet":"max-snippet:-1","max-image-preview":"max-image-preview:large","max-video-preview":"max-video-preview:-1"},"canonical":"https:\/\/www.wirtschaftsverein.at\/?page_id=12963","og_locale":"de_DE","og_type":"article","og_title":"Atrium - Wirtschaftsverein Lauter","og_description":"Raum f\u00fcr Ideen Atrium Adresse Montfortplatz 2, 6923 Lauterach Telefon 0557484444 E-Mail office@atrium.at Webseite www.atrium.at Gr\u00fcndungsjahr 1989 \u00d6ffnungszeiten Montag &#8211; Freitag 8:00 &#8211; 12:00 und Montag bis Donnerstag 14:00 &#8211; 17:00 Seit \u00fcber 35 Jahren sind wir in den Bereichen Wohnbau, Immobilien, Projektentwicklung und Architektur t\u00e4tig. Dabei setzen wir auf hochwertige Bauweise, zeitgem\u00e4\u00dfe Architektur und [&hellip;]","og_url":"https:\/\/www.wirtschaftsverein.at\/?page_id=12963","og_site_name":"Wirtschaftsverein Lauter","article_modified_time":"2025-12-16T10:40:31+00:00","og_image":[{"url":"https:\/\/www.wirtschaftsverein.at\/wp-content\/uploads\/2025\/12\/webLogo-Atrium-RGB-300x107.jpg","type":"","width":"","height":""}],"twitter_card":"summary_large_image","twitter_misc":{"Gesch\u00e4tzte Lesezeit":"2\u00a0Minuten"},"schema":{"@context":"https:\/\/schema.org","@graph":[{"@type":"WebPage","@id":"https:\/\/www.wirtschaftsverein.at\/?page_id=12963","url":"https:\/\/www.wirtschaftsverein.at\/?page_id=12963","name":"Atrium - Wirtschaftsverein Lauter","isPartOf":{"@id":"https:\/\/www.wirtschaftsverein.at\/#website"},"primaryImageOfPage":{"@id":"https:\/\/www.wirtschaftsverein.at\/?page_id=12963#primaryimage"},"image":{"@id":"https:\/\/www.wirtschaftsverein.at\/?page_id=12963#primaryimage"},"thumbnailUrl":"https:\/\/www.wirtschaftsverein.at\/wp-content\/uploads\/2025\/12\/webLogo-Atrium-RGB-300x107.jpg","datePublished":"2025-12-04T19:16:01+00:00","dateModified":"2025-12-16T10:40:31+00:00","breadcrumb":{"@id":"https:\/\/www.wirtschaftsverein.at\/?page_id=12963#breadcrumb"},"inLanguage":"de","potentialAction":[{"@type":"ReadAction","target":["https:\/\/www.wirtschaftsverein.at\/?page_id=12963"]}]},{"@type":"ImageObject","inLanguage":"de","@id":"https:\/\/www.wirtschaftsverein.at\/?page_id=12963#primaryimage","url":"https:\/\/www.wirtschaftsverein.at\/wp-content\/uploads\/2025\/12\/webLogo-Atrium-RGB.jpg","contentUrl":"https:\/\/www.wirtschaftsverein.at\/wp-content\/uploads\/2025\/12\/webLogo-Atrium-RGB.jpg","width":1000,"height":357},{"@type":"BreadcrumbList","@id":"https:\/\/www.wirtschaftsverein.at\/?page_id=12963#breadcrumb","itemListElement":[{"@type":"ListItem","position":1,"name":"Startseite","item":"https:\/\/www.wirtschaftsverein.at\/"},{"@type":"ListItem","position":2,"name":"Atrium"}]},{"@type":"WebSite","@id":"https:\/\/www.wirtschaftsverein.at\/#website","url":"https:\/\/www.wirtschaftsverein.at\/","name":"Wirtschaftsverein Lauter","description":"","publisher":{"@id":"https:\/\/www.wirtschaftsverein.at\/#organization"},"potentialAction":[{"@type":"SearchAction","target":{"@type":"EntryPoint","urlTemplate":"https:\/\/www.wirtschaftsverein.at\/?s={search_term_string}"},"query-input":{"@type":"PropertyValueSpecification","valueRequired":true,"valueName":"search_term_string"}}],"inLanguage":"de"},{"@type":"Organization","@id":"https:\/\/www.wirtschaftsverein.at\/#organization","name":"Wirtschaftsverein Lauter","url":"https:\/\/www.wirtschaftsverein.at\/","logo":{"@type":"ImageObject","inLanguage":"de","@id":"https:\/\/www.wirtschaftsverein.at\/#\/schema\/logo\/image\/","url":"https:\/\/www.wirtschaftsverein.at\/wp-content\/uploads\/2024\/04\/HWV-Logo.png","contentUrl":"https:\/\/www.wirtschaftsverein.at\/wp-content\/uploads\/2024\/04\/HWV-Logo.png","width":1280,"height":482,"caption":"Wirtschaftsverein Lauter"},"image":{"@id":"https:\/\/www.wirtschaftsverein.at\/#\/schema\/logo\/image\/"}}]}},"_links":{"self":[{"href":"https:\/\/www.wirtschaftsverein.at\/index.php?rest_route=\/wp\/v2\/pages\/12963","targetHints":{"allow":["GET"]}}],"collection":[{"href":"https:\/\/www.wirtschaftsverein.at\/index.php?rest_route=\/wp\/v2\/pages"}],"about":[{"href":"https:\/\/www.wirtschaftsverein.at\/index.php?rest_route=\/wp\/v2\/types\/page"}],"author":[{"embeddable":true,"href":"https:\/\/www.wirtschaftsverein.at\/index.php?rest_route=\/wp\/v2\/users\/1"}],"replies":[{"embeddable":true,"href":"https:\/\/www.wirtschaftsverein.at\/index.php?rest_route=%2Fwp%2Fv2%2Fcomments&post=12963"}],"version-history":[{"count":19,"href":"https:\/\/www.wirtschaftsverein.at\/index.php?rest_route=\/wp\/v2\/pages\/12963\/revisions"}],"predecessor-version":[{"id":13458,"href":"https:\/\/www.wirtschaftsverein.at\/index.php?rest_route=\/wp\/v2\/pages\/12963\/revisions\/13458"}],"wp:attachment":[{"href":"https:\/\/www.wirtschaftsverein.at\/index.php?rest_route=%2Fwp%2Fv2%2Fmedia&parent=12963"}],"curies":[{"name":"wp","href":"https:\/\/api.w.org\/{rel}","templated":true}]}}