{"id":13246,"date":"2025-12-10T11:04:24","date_gmt":"2025-12-10T11:04:24","guid":{"rendered":"https:\/\/www.wirtschaftsverein.at\/?page_id=13246"},"modified":"2025-12-10T11:10:16","modified_gmt":"2025-12-10T11:10:16","slug":"malerbetrieb-wallner-stefan","status":"publish","type":"page","link":"https:\/\/www.wirtschaftsverein.at\/?page_id=13246","title":{"rendered":"Malerbetrieb Wallner Stefan"},"content":{"rendered":"\t\t<div data-elementor-type=\"wp-page\" data-elementor-id=\"13246\" class=\"elementor elementor-13246\">\n\t\t\t\t<div class=\"elementor-element elementor-element-7bd83530 e-flex e-con-boxed e-con e-parent\" data-id=\"7bd83530\" data-element_type=\"container\">\n\t\t\t\t\t<div class=\"e-con-inner\">\n\t\t\t\t<div class=\"elementor-element elementor-element-36495f93 elementor-widget elementor-widget-image\" data-id=\"36495f93\" data-element_type=\"widget\" data-widget_type=\"image.default\">\n\t\t\t\t<div class=\"elementor-widget-container\">\n\t\t\t\t\t\t\t\t\t\t\t\t\t\t\t<img decoding=\"async\" width=\"300\" height=\"104\" src=\"https:\/\/www.wirtschaftsverein.at\/wp-content\/uploads\/2023\/02\/webLogo1-300x104.jpg\" class=\"attachment-medium size-medium wp-image-13223\" alt=\"\" srcset=\"https:\/\/www.wirtschaftsverein.at\/wp-content\/uploads\/2023\/02\/webLogo1-300x104.jpg 300w, https:\/\/www.wirtschaftsverein.at\/wp-content\/uploads\/2023\/02\/webLogo1-768x267.jpg 768w, https:\/\/www.wirtschaftsverein.at\/wp-content\/uploads\/2023\/02\/webLogo1.jpg 901w\" sizes=\"(max-width: 300px) 100vw, 300px\" \/>\t\t\t\t\t\t\t\t\t\t\t\t\t\t\t<\/div>\n\t\t\t\t<\/div>\n\t\t\t\t<div class=\"elementor-element elementor-element-701eea5d elementor-widget elementor-widget-qi_addons_for_elementor_business_hours\" data-id=\"701eea5d\" data-element_type=\"widget\" data-widget_type=\"qi_addons_for_elementor_business_hours.default\">\n\t\t\t\t<div class=\"elementor-widget-container\">\n\t\t\t\t\t<div class=\"qodef-shortcode qodef-m qodef-qi-business-hours qodef-layout--standard qodef-line-type--between qodef-resposive--no qodef-text-underline\">\n\t<div class=\"qodef-m-inner\">\n\t\t\t<h5 class=\"qodef-m-subtitle\">\n\t\tMalerbetrieb\t<\/h5>\n\t\t\t<h2 class=\"qodef-m-title\">\n\t\tWallner Stefan\t<\/h2>\n\t\t\t\t<div class=\"qodef-m-items\">\n\t\t\t<div class=\"qodef-e qodef-e-item elementor-repeater-item-14a1356\">\n\t\t\t<div class=\"qodef-e-title-holder\">\n\t\t\t\t\t\t<h5 class=\"qodef-e-day\">\n\t\t\t\tAdresse\t\t\t<\/h5>\n\t\t<\/div>\n\t\t<div class=\"qodef-e-line\"><\/div>\n\t\t\t\t\t<p class=\"qodef-e-hours\">\n\t\t\t\tFirstweg 3, 6923 Lauterach\t\t\t<\/p>\n\t\t\t<\/div>\n<div class=\"qodef-e qodef-e-item elementor-repeater-item-dba2b1c\">\n\t\t\t<div class=\"qodef-e-title-holder\">\n\t\t\t\t\t\t<h5 class=\"qodef-e-day\">\n\t\t\t\tTelefon\t\t\t<\/h5>\n\t\t<\/div>\n\t\t<div class=\"qodef-e-line\"><\/div>\n\t\t\t\t\t<p class=\"qodef-e-hours\">\n\t\t\t\t05574\/78260\t\t\t<\/p>\n\t\t\t<\/div>\n<div class=\"qodef-e qodef-e-item elementor-repeater-item-dda1a46\">\n\t\t\t<div class=\"qodef-e-title-holder\">\n\t\t\t\t\t\t<h5 class=\"qodef-e-day\">\n\t\t\t\tE-Mail\t\t\t<\/h5>\n\t\t<\/div>\n\t\t<div class=\"qodef-e-line\"><\/div>\n\t\t\t\t\t<p class=\"qodef-e-hours\">\n\t\t\t\toffice@malermeister-wallner.at\t\t\t<\/p>\n\t\t\t<\/div>\n<div class=\"qodef-e qodef-e-item elementor-repeater-item-d9124d4\">\n\t\t\t<div class=\"qodef-e-title-holder\">\n\t\t\t\t\t\t<h5 class=\"qodef-e-day\">\n\t\t\t\tWebseite\t\t\t<\/h5>\n\t\t<\/div>\n\t\t<div class=\"qodef-e-line\"><\/div>\n\t\t\t\t\t<p class=\"qodef-e-hours\">\n\t\t\t\twww.malermeister-wallner.at\t\t\t<\/p>\n\t\t\t<\/div>\n<div class=\"qodef-e qodef-e-item elementor-repeater-item-c2176fe\">\n\t\t\t<div class=\"qodef-e-title-holder\">\n\t\t\t\t\t\t<h5 class=\"qodef-e-day\">\n\t\t\t\tGr\u00fcndungsjahr\t\t\t<\/h5>\n\t\t<\/div>\n\t\t<div class=\"qodef-e-line\"><\/div>\n\t\t\t\t\t<p class=\"qodef-e-hours\">\n\t\t\t\t1978\t\t\t<\/p>\n\t\t\t<\/div>\n<div class=\"qodef-e qodef-e-item elementor-repeater-item-1b133fb\">\n\t\t\t<div class=\"qodef-e-title-holder\">\n\t\t\t\t\t\t<h5 class=\"qodef-e-day\">\n\t\t\t\t\u00d6ffnungszeiten\t\t\t<\/h5>\n\t\t<\/div>\n\t\t<div class=\"qodef-e-line\"><\/div>\n\t\t\t\t\t<p class=\"qodef-e-hours\">\n\t\t\t\tMontag bis Donnerstag: 7:30 - 17:00 Uhr, Freitag: 7:30 - 12:00\t\t\t<\/p>\n\t\t\t<\/div>\n\t\t<\/div>\n\t\t\t<div class=\"qodef-m-text\">\n\t\t<p><strong>Der Malermeister Wallner Josef hat in den Jahren 1975 und 1976 die Meisterschule in Baden bei Wien besucht und absolviert. Am 3. M\u00e4rz 1978 wurde die Firma durch ihn gegr\u00fcndet, mit gro\u00dfer Unterst\u00fctzung von seiner Frau Margarethe, die die B\u00fcroarbeiten leitet. Mit sehr wenig Mitteln und damals ohne Gesch\u00e4ftserfahrung, wurde die harte Arbeit in der Malerei und Anstrich begonnen. Die erste Werkstatt wurde in einem Kuhstall in Bregenz eingerichtet. Mit den Jahren begann der Betrieb immer gr\u00f6\u00dfer zu werden und die Firma Wallner errichtete 1985 in Lauterach ein neues Betriebsareal. Der Sohn Stefan besuchte 1998 bis 2000 auch in Baden bei Wien die Meisterschule und f\u00fchrt ebenfalls den Titel \u201eMalermeister\u201c, somit besteht ein w\u00fcrdiger Nachfolger. Durch die Jahre sammelte sich ein zufriedener Kundenstock an, durch den die Firma Wallner zu einer stattlichen Gr\u00f6\u00dfe gewachsen ist. Inzwischen ist Stefan\u00b4s Frau Brigitte im Unternehmen besch\u00e4ftigt und wird in Zukunft die Arbeiten im B\u00fcro erledigen.<\/strong><\/p><p><strong>Betriebs\u00fcbergabe:\u2028 Seit 1. Juni 2011 durfte sich Wallner Josef wohlverdient in seinen Ruhestand begeben. Wallner Stefan hat das Gesch\u00e4ft \u00fcbernommen und wird alle F\u00e4den in den H\u00e4nden halten. Mit viel Erfahrung wird er die Firma Wallner ins n\u00e4chste Zeitalter leiten.<\/strong><\/p><ul><li>Familienbetrieb seit 1978<\/li><li>spezialisiert in Bereichen Fassaden, Innenbereichen, Lackierungen,<\/li><li>ablaugen und strahlen von Holz und Metall<\/li><li>Preisverleihung am 23.10. in Wien f\u00fcr den \u201eGoldene Securitas Award\u00a0<\/li><\/ul>\t<\/div>\n\t<\/div>\n<\/div>\n\t\t\t\t<\/div>\n\t\t\t\t<\/div>\n\t\t\t\t<div class=\"elementor-element elementor-element-7fccf126 elementor-shape-circle elementor-grid-0 e-grid-align-center elementor-widget elementor-widget-social-icons\" data-id=\"7fccf126\" data-element_type=\"widget\" data-widget_type=\"social-icons.default\">\n\t\t\t\t<div class=\"elementor-widget-container\">\n\t\t\t\t\t\t\t<div class=\"elementor-social-icons-wrapper elementor-grid\">\n\t\t\t\t\t\t\t<span class=\"elementor-grid-item\">\n\t\t\t\t\t<a class=\"elementor-icon elementor-social-icon elementor-social-icon-link elementor-repeater-item-8cec8a1\" href=\"http:\/\/www.malermeister-wallner.at\" target=\"_blank\">\n\t\t\t\t\t\t<span class=\"elementor-screen-only\">Link<\/span>\n\t\t\t\t\t\t<svg aria-hidden=\"true\" class=\"e-font-icon-svg e-fas-link\" viewBox=\"0 0 512 512\" xmlns=\"http:\/\/www.w3.org\/2000\/svg\"><path d=\"M326.612 185.391c59.747 59.809 58.927 155.698.36 214.59-.11.12-.24.25-.36.37l-67.2 67.2c-59.27 59.27-155.699 59.262-214.96 0-59.27-59.26-59.27-155.7 0-214.96l37.106-37.106c9.84-9.84 26.786-3.3 27.294 10.606.648 17.722 3.826 35.527 9.69 52.721 1.986 5.822.567 12.262-3.783 16.612l-13.087 13.087c-28.026 28.026-28.905 73.66-1.155 101.96 28.024 28.579 74.086 28.749 102.325.51l67.2-67.19c28.191-28.191 28.073-73.757 0-101.83-3.701-3.694-7.429-6.564-10.341-8.569a16.037 16.037 0 0 1-6.947-12.606c-.396-10.567 3.348-21.456 11.698-29.806l21.054-21.055c5.521-5.521 14.182-6.199 20.584-1.731a152.482 152.482 0 0 1 20.522 17.197zM467.547 44.449c-59.261-59.262-155.69-59.27-214.96 0l-67.2 67.2c-.12.12-.25.25-.36.37-58.566 58.892-59.387 154.781.36 214.59a152.454 152.454 0 0 0 20.521 17.196c6.402 4.468 15.064 3.789 20.584-1.731l21.054-21.055c8.35-8.35 12.094-19.239 11.698-29.806a16.037 16.037 0 0 0-6.947-12.606c-2.912-2.005-6.64-4.875-10.341-8.569-28.073-28.073-28.191-73.639 0-101.83l67.2-67.19c28.239-28.239 74.3-28.069 102.325.51 27.75 28.3 26.872 73.934-1.155 101.96l-13.087 13.087c-4.35 4.35-5.769 10.79-3.783 16.612 5.864 17.194 9.042 34.999 9.69 52.721.509 13.906 17.454 20.446 27.294 10.606l37.106-37.106c59.271-59.259 59.271-155.699.001-214.959z\"><\/path><\/svg>\t\t\t\t\t<\/a>\n\t\t\t\t<\/span>\n\t\t\t\t\t<\/div>\n\t\t\t\t\t\t<\/div>\n\t\t\t\t<\/div>\n\t\t\t\t<div class=\"elementor-element elementor-element-7600e848 elementor-widget-divider--view-line elementor-widget elementor-widget-divider\" data-id=\"7600e848\" data-element_type=\"widget\" data-widget_type=\"divider.default\">\n\t\t\t\t<div class=\"elementor-widget-container\">\n\t\t\t\t\t\t\t<div class=\"elementor-divider\">\n\t\t\t<span class=\"elementor-divider-separator\">\n\t\t\t\t\t\t<\/span>\n\t\t<\/div>\n\t\t\t\t\t\t<\/div>\n\t\t\t\t<\/div>\n\t\t\t\t\t<\/div>\n\t\t\t\t<\/div>\n\t\t<div class=\"elementor-element elementor-element-7ccc7c5b e-flex e-con-boxed e-con e-parent\" data-id=\"7ccc7c5b\" data-element_type=\"container\">\n\t\t\t\t\t<div class=\"e-con-inner\">\n\t\t\t\t<div class=\"elementor-element elementor-element-5c0b0d30 elementor-widget elementor-widget-qi_addons_for_elementor_image_slider\" data-id=\"5c0b0d30\" data-element_type=\"widget\" data-widget_type=\"qi_addons_for_elementor_image_slider.default\">\n\t\t\t\t<div class=\"elementor-widget-container\">\n\t\t\t\t\t<div class=\"qodef-shortcode qodef-m qodef-qi-image-slider qodef-qi-fslightbox-popup qodef-popup-gallery qodef-col-num--3 qodef-qi-grid qodef-qi-swiper-container qodef-navigation--inside qodef-pagination--inside qodef-navigation--hover-move\" data-options=\"{&quot;direction&quot;:&quot;horizontal&quot;,&quot;slidesPerView&quot;:&quot;3&quot;,&quot;spaceBetween&quot;:30,&quot;spaceBetweenTablet&quot;:30,&quot;spaceBetweenMobile&quot;:30,&quot;effect&quot;:&quot;&quot;,&quot;loop&quot;:true,&quot;autoplay&quot;:true,&quot;centeredSlides&quot;:false,&quot;speed&quot;:&quot;&quot;,&quot;speedAnimation&quot;:&quot;&quot;,&quot;outsideNavigation&quot;:&quot;no&quot;,&quot;outsidePagination&quot;:&quot;no&quot;,&quot;unique&quot;:425,&quot;partialValue&quot;:0,&quot;disablePartialValue&quot;:&quot;&quot;,&quot;parallax&quot;:&quot;no&quot;}\">\n\t<div class=\"swiper-wrapper\">\n\t\t<div class=\"qodef-e swiper-slide\">\n\t<div class=\"qodef-e-inner\">\n\t\t<div class=\"qodef-e-inner-holder\">\n\t\t\t\t\t\t\t<a class=\"qodef-popup-item\" itemprop=\"image\" href=\"https:\/\/www.wirtschaftsverein.at\/wp-content\/uploads\/2023\/02\/webIMG_8026.jpg\" data-type=\"image\" data-fslightbox=\"gallery-425\" data-e-disable-page-transition=\u201dtrue\u201d>\n\t\t\t\t\t\t\t<img fetchpriority=\"high\" decoding=\"async\" width=\"1000\" height=\"561\" src=\"https:\/\/www.wirtschaftsverein.at\/wp-content\/uploads\/2023\/02\/webIMG_8026.jpg\" class=\"attachment-full size-full\" alt=\"\" srcset=\"https:\/\/www.wirtschaftsverein.at\/wp-content\/uploads\/2023\/02\/webIMG_8026.jpg 1000w, https:\/\/www.wirtschaftsverein.at\/wp-content\/uploads\/2023\/02\/webIMG_8026-300x168.jpg 300w, https:\/\/www.wirtschaftsverein.at\/wp-content\/uploads\/2023\/02\/webIMG_8026-768x431.jpg 768w\" sizes=\"(max-width: 1000px) 100vw, 1000px\" \/>\t\t\t\t\t\t\t<\/a>\n\t\t\t\t\t<\/div>\n\t<\/div>\n\t<\/div>\n<div class=\"qodef-e swiper-slide\">\n\t<div class=\"qodef-e-inner\">\n\t\t<div class=\"qodef-e-inner-holder\">\n\t\t\t\t\t\t\t<a class=\"qodef-popup-item\" itemprop=\"image\" href=\"https:\/\/www.wirtschaftsverein.at\/wp-content\/uploads\/2023\/02\/webIMG_6950.jpg\" data-type=\"image\" data-fslightbox=\"gallery-425\" data-e-disable-page-transition=\u201dtrue\u201d>\n\t\t\t\t\t\t\t<img decoding=\"async\" width=\"1000\" height=\"1333\" src=\"https:\/\/www.wirtschaftsverein.at\/wp-content\/uploads\/2023\/02\/webIMG_6950.jpg\" class=\"attachment-full size-full\" alt=\"\" srcset=\"https:\/\/www.wirtschaftsverein.at\/wp-content\/uploads\/2023\/02\/webIMG_6950.jpg 1000w, https:\/\/www.wirtschaftsverein.at\/wp-content\/uploads\/2023\/02\/webIMG_6950-225x300.jpg 225w, https:\/\/www.wirtschaftsverein.at\/wp-content\/uploads\/2023\/02\/webIMG_6950-768x1024.jpg 768w\" sizes=\"(max-width: 1000px) 100vw, 1000px\" \/>\t\t\t\t\t\t\t<\/a>\n\t\t\t\t\t<\/div>\n\t<\/div>\n\t<\/div>\n<div class=\"qodef-e swiper-slide\">\n\t<div class=\"qodef-e-inner\">\n\t\t<div class=\"qodef-e-inner-holder\">\n\t\t\t\t\t\t\t<a class=\"qodef-popup-item\" itemprop=\"image\" href=\"https:\/\/www.wirtschaftsverein.at\/wp-content\/uploads\/2023\/02\/webIMG_5852.jpg\" data-type=\"image\" data-fslightbox=\"gallery-425\" data-e-disable-page-transition=\u201dtrue\u201d>\n\t\t\t\t\t\t\t<img loading=\"lazy\" decoding=\"async\" width=\"750\" height=\"1000\" src=\"https:\/\/www.wirtschaftsverein.at\/wp-content\/uploads\/2023\/02\/webIMG_5852.jpg\" class=\"attachment-full size-full\" alt=\"\" srcset=\"https:\/\/www.wirtschaftsverein.at\/wp-content\/uploads\/2023\/02\/webIMG_5852.jpg 750w, https:\/\/www.wirtschaftsverein.at\/wp-content\/uploads\/2023\/02\/webIMG_5852-225x300.jpg 225w\" sizes=\"(max-width: 750px) 100vw, 750px\" \/>\t\t\t\t\t\t\t<\/a>\n\t\t\t\t\t<\/div>\n\t<\/div>\n\t<\/div>\n<div class=\"qodef-e swiper-slide\">\n\t<div class=\"qodef-e-inner\">\n\t\t<div class=\"qodef-e-inner-holder\">\n\t\t\t\t\t\t\t<a class=\"qodef-popup-item\" itemprop=\"image\" href=\"https:\/\/www.wirtschaftsverein.at\/wp-content\/uploads\/2023\/02\/web29916c42-cf3c-4d14-b486-8dd7019405c6.jpg\" data-type=\"image\" data-fslightbox=\"gallery-425\" data-e-disable-page-transition=\u201dtrue\u201d>\n\t\t\t\t\t\t\t<img loading=\"lazy\" decoding=\"async\" width=\"640\" height=\"389\" src=\"https:\/\/www.wirtschaftsverein.at\/wp-content\/uploads\/2023\/02\/web29916c42-cf3c-4d14-b486-8dd7019405c6.jpg\" class=\"attachment-full size-full\" alt=\"\" srcset=\"https:\/\/www.wirtschaftsverein.at\/wp-content\/uploads\/2023\/02\/web29916c42-cf3c-4d14-b486-8dd7019405c6.jpg 640w, https:\/\/www.wirtschaftsverein.at\/wp-content\/uploads\/2023\/02\/web29916c42-cf3c-4d14-b486-8dd7019405c6-300x182.jpg 300w\" sizes=\"(max-width: 640px) 100vw, 640px\" \/>\t\t\t\t\t\t\t<\/a>\n\t\t\t\t\t<\/div>\n\t<\/div>\n\t<\/div>\n\t<\/div>\n\t\t<div class=\"swiper-button-prev\"><svg class=\"qodef-swiper-arrow-left\" xmlns=\"http:\/\/www.w3.org\/2000\/svg\" x=\"0px\" y=\"0px\" viewBox=\"0 0 34.2 32.3\" xml:space=\"preserve\" style=\"stroke-width: 2;\"><line x1=\"0.5\" y1=\"16\" x2=\"33.5\" y2=\"16\"\/><line x1=\"0.3\" y1=\"16.5\" x2=\"16.2\" y2=\"0.7\"\/><line x1=\"0\" y1=\"15.4\" x2=\"16.2\" y2=\"31.6\"\/><\/svg><\/div>\n\t<div class=\"swiper-button-next\"><svg class=\"qodef-swiper-arrow-right\" xmlns=\"http:\/\/www.w3.org\/2000\/svg\" x=\"0px\" y=\"0px\" viewBox=\"0 0 34.2 32.3\" xml:space=\"preserve\" style=\"stroke-width: 2;\"><line x1=\"0\" y1=\"16\" x2=\"33\" y2=\"16\"\/><line x1=\"17.3\" y1=\"0.7\" x2=\"33.2\" y2=\"16.5\"\/><line x1=\"17.3\" y1=\"31.6\" x2=\"33.5\" y2=\"15.4\"\/><\/svg><\/div>\n\t<div class=\"swiper-pagination\"><\/div>\n<\/div>\n\t\t\t\t<\/div>\n\t\t\t\t<\/div>\n\t\t\t\t\t<\/div>\n\t\t\t\t<\/div>\n\t\t<div class=\"elementor-element elementor-element-3c8de879 e-flex e-con-boxed e-con e-parent\" data-id=\"3c8de879\" data-element_type=\"container\">\n\t\t\t\t\t<div class=\"e-con-inner\">\n\t\t\t\t\t<\/div>\n\t\t\t\t<\/div>\n\t\t\t\t<\/div>\n\t\t","protected":false},"excerpt":{"rendered":"<p>Malerbetrieb Wallner Stefan Adresse Firstweg 3, 6923 Lauterach Telefon 05574\/78260 E-Mail office@malermeister-wallner.at Webseite www.malermeister-wallner.at Gr\u00fcndungsjahr 1978 \u00d6ffnungszeiten Montag bis Donnerstag: 7:30 &#8211; 17:00 Uhr, Freitag: 7:30 &#8211; 12:00 Der Malermeister Wallner Josef hat in den Jahren 1975 und 1976 die Meisterschule in Baden bei Wien besucht und absolviert. Am 3. M\u00e4rz 1978 wurde die Firma [&hellip;]<\/p>\n","protected":false},"author":1,"featured_media":0,"parent":0,"menu_order":0,"comment_status":"closed","ping_status":"closed","template":"","meta":{"footnotes":""},"class_list":["post-13246","page","type-page","status-publish","hentry"],"yoast_head":"<!-- This site is optimized with the Yoast SEO plugin v26.5 - https:\/\/yoast.com\/wordpress\/plugins\/seo\/ -->\n<title>Malerbetrieb Wallner Stefan - Wirtschaftsverein Lauter<\/title>\n<meta name=\"robots\" content=\"index, follow, max-snippet:-1, max-image-preview:large, max-video-preview:-1\" \/>\n<link rel=\"canonical\" href=\"https:\/\/www.wirtschaftsverein.at\/?page_id=13246\" \/>\n<meta property=\"og:locale\" content=\"de_DE\" \/>\n<meta property=\"og:type\" content=\"article\" \/>\n<meta property=\"og:title\" content=\"Malerbetrieb Wallner Stefan - Wirtschaftsverein Lauter\" \/>\n<meta property=\"og:description\" content=\"Malerbetrieb Wallner Stefan Adresse Firstweg 3, 6923 Lauterach Telefon 05574\/78260 E-Mail office@malermeister-wallner.at Webseite www.malermeister-wallner.at Gr\u00fcndungsjahr 1978 \u00d6ffnungszeiten Montag bis Donnerstag: 7:30 &#8211; 17:00 Uhr, Freitag: 7:30 &#8211; 12:00 Der Malermeister Wallner Josef hat in den Jahren 1975 und 1976 die Meisterschule in Baden bei Wien besucht und absolviert. Am 3. M\u00e4rz 1978 wurde die Firma [&hellip;]\" \/>\n<meta property=\"og:url\" content=\"https:\/\/www.wirtschaftsverein.at\/?page_id=13246\" \/>\n<meta property=\"og:site_name\" content=\"Wirtschaftsverein Lauter\" \/>\n<meta property=\"article:modified_time\" content=\"2025-12-10T11:10:16+00:00\" \/>\n<meta property=\"og:image\" content=\"https:\/\/www.wirtschaftsverein.at\/wp-content\/uploads\/2023\/02\/webLogo1.jpg\" \/>\n\t<meta property=\"og:image:width\" content=\"901\" \/>\n\t<meta property=\"og:image:height\" content=\"313\" \/>\n\t<meta property=\"og:image:type\" content=\"image\/jpeg\" \/>\n<meta name=\"twitter:card\" content=\"summary_large_image\" \/>\n<meta name=\"twitter:label1\" content=\"Gesch\u00e4tzte Lesezeit\" \/>\n\t<meta name=\"twitter:data1\" content=\"4\u00a0Minuten\" \/>\n<script type=\"application\/ld+json\" class=\"yoast-schema-graph\">{\"@context\":\"https:\/\/schema.org\",\"@graph\":[{\"@type\":\"WebPage\",\"@id\":\"https:\/\/www.wirtschaftsverein.at\/?page_id=13246\",\"url\":\"https:\/\/www.wirtschaftsverein.at\/?page_id=13246\",\"name\":\"Malerbetrieb Wallner Stefan - Wirtschaftsverein Lauter\",\"isPartOf\":{\"@id\":\"https:\/\/www.wirtschaftsverein.at\/#website\"},\"primaryImageOfPage\":{\"@id\":\"https:\/\/www.wirtschaftsverein.at\/?page_id=13246#primaryimage\"},\"image\":{\"@id\":\"https:\/\/www.wirtschaftsverein.at\/?page_id=13246#primaryimage\"},\"thumbnailUrl\":\"https:\/\/www.wirtschaftsverein.at\/wp-content\/uploads\/2023\/02\/webLogo1-300x104.jpg\",\"datePublished\":\"2025-12-10T11:04:24+00:00\",\"dateModified\":\"2025-12-10T11:10:16+00:00\",\"breadcrumb\":{\"@id\":\"https:\/\/www.wirtschaftsverein.at\/?page_id=13246#breadcrumb\"},\"inLanguage\":\"de\",\"potentialAction\":[{\"@type\":\"ReadAction\",\"target\":[\"https:\/\/www.wirtschaftsverein.at\/?page_id=13246\"]}]},{\"@type\":\"ImageObject\",\"inLanguage\":\"de\",\"@id\":\"https:\/\/www.wirtschaftsverein.at\/?page_id=13246#primaryimage\",\"url\":\"https:\/\/www.wirtschaftsverein.at\/wp-content\/uploads\/2023\/02\/webLogo1.jpg\",\"contentUrl\":\"https:\/\/www.wirtschaftsverein.at\/wp-content\/uploads\/2023\/02\/webLogo1.jpg\",\"width\":901,\"height\":313},{\"@type\":\"BreadcrumbList\",\"@id\":\"https:\/\/www.wirtschaftsverein.at\/?page_id=13246#breadcrumb\",\"itemListElement\":[{\"@type\":\"ListItem\",\"position\":1,\"name\":\"Startseite\",\"item\":\"https:\/\/www.wirtschaftsverein.at\/\"},{\"@type\":\"ListItem\",\"position\":2,\"name\":\"Malerbetrieb Wallner Stefan\"}]},{\"@type\":\"WebSite\",\"@id\":\"https:\/\/www.wirtschaftsverein.at\/#website\",\"url\":\"https:\/\/www.wirtschaftsverein.at\/\",\"name\":\"Wirtschaftsverein Lauter\",\"description\":\"\",\"publisher\":{\"@id\":\"https:\/\/www.wirtschaftsverein.at\/#organization\"},\"potentialAction\":[{\"@type\":\"SearchAction\",\"target\":{\"@type\":\"EntryPoint\",\"urlTemplate\":\"https:\/\/www.wirtschaftsverein.at\/?s={search_term_string}\"},\"query-input\":{\"@type\":\"PropertyValueSpecification\",\"valueRequired\":true,\"valueName\":\"search_term_string\"}}],\"inLanguage\":\"de\"},{\"@type\":\"Organization\",\"@id\":\"https:\/\/www.wirtschaftsverein.at\/#organization\",\"name\":\"Wirtschaftsverein Lauter\",\"url\":\"https:\/\/www.wirtschaftsverein.at\/\",\"logo\":{\"@type\":\"ImageObject\",\"inLanguage\":\"de\",\"@id\":\"https:\/\/www.wirtschaftsverein.at\/#\/schema\/logo\/image\/\",\"url\":\"https:\/\/www.wirtschaftsverein.at\/wp-content\/uploads\/2024\/04\/HWV-Logo.png\",\"contentUrl\":\"https:\/\/www.wirtschaftsverein.at\/wp-content\/uploads\/2024\/04\/HWV-Logo.png\",\"width\":1280,\"height\":482,\"caption\":\"Wirtschaftsverein Lauter\"},\"image\":{\"@id\":\"https:\/\/www.wirtschaftsverein.at\/#\/schema\/logo\/image\/\"}}]}<\/script>\n<!-- \/ Yoast SEO plugin. -->","yoast_head_json":{"title":"Malerbetrieb Wallner Stefan - Wirtschaftsverein Lauter","robots":{"index":"index","follow":"follow","max-snippet":"max-snippet:-1","max-image-preview":"max-image-preview:large","max-video-preview":"max-video-preview:-1"},"canonical":"https:\/\/www.wirtschaftsverein.at\/?page_id=13246","og_locale":"de_DE","og_type":"article","og_title":"Malerbetrieb Wallner Stefan - Wirtschaftsverein Lauter","og_description":"Malerbetrieb Wallner Stefan Adresse Firstweg 3, 6923 Lauterach Telefon 05574\/78260 E-Mail office@malermeister-wallner.at Webseite www.malermeister-wallner.at Gr\u00fcndungsjahr 1978 \u00d6ffnungszeiten Montag bis Donnerstag: 7:30 &#8211; 17:00 Uhr, Freitag: 7:30 &#8211; 12:00 Der Malermeister Wallner Josef hat in den Jahren 1975 und 1976 die Meisterschule in Baden bei Wien besucht und absolviert. Am 3. M\u00e4rz 1978 wurde die Firma [&hellip;]","og_url":"https:\/\/www.wirtschaftsverein.at\/?page_id=13246","og_site_name":"Wirtschaftsverein Lauter","article_modified_time":"2025-12-10T11:10:16+00:00","og_image":[{"width":901,"height":313,"url":"https:\/\/www.wirtschaftsverein.at\/wp-content\/uploads\/2023\/02\/webLogo1.jpg","type":"image\/jpeg"}],"twitter_card":"summary_large_image","twitter_misc":{"Gesch\u00e4tzte Lesezeit":"4\u00a0Minuten"},"schema":{"@context":"https:\/\/schema.org","@graph":[{"@type":"WebPage","@id":"https:\/\/www.wirtschaftsverein.at\/?page_id=13246","url":"https:\/\/www.wirtschaftsverein.at\/?page_id=13246","name":"Malerbetrieb Wallner Stefan - Wirtschaftsverein Lauter","isPartOf":{"@id":"https:\/\/www.wirtschaftsverein.at\/#website"},"primaryImageOfPage":{"@id":"https:\/\/www.wirtschaftsverein.at\/?page_id=13246#primaryimage"},"image":{"@id":"https:\/\/www.wirtschaftsverein.at\/?page_id=13246#primaryimage"},"thumbnailUrl":"https:\/\/www.wirtschaftsverein.at\/wp-content\/uploads\/2023\/02\/webLogo1-300x104.jpg","datePublished":"2025-12-10T11:04:24+00:00","dateModified":"2025-12-10T11:10:16+00:00","breadcrumb":{"@id":"https:\/\/www.wirtschaftsverein.at\/?page_id=13246#breadcrumb"},"inLanguage":"de","potentialAction":[{"@type":"ReadAction","target":["https:\/\/www.wirtschaftsverein.at\/?page_id=13246"]}]},{"@type":"ImageObject","inLanguage":"de","@id":"https:\/\/www.wirtschaftsverein.at\/?page_id=13246#primaryimage","url":"https:\/\/www.wirtschaftsverein.at\/wp-content\/uploads\/2023\/02\/webLogo1.jpg","contentUrl":"https:\/\/www.wirtschaftsverein.at\/wp-content\/uploads\/2023\/02\/webLogo1.jpg","width":901,"height":313},{"@type":"BreadcrumbList","@id":"https:\/\/www.wirtschaftsverein.at\/?page_id=13246#breadcrumb","itemListElement":[{"@type":"ListItem","position":1,"name":"Startseite","item":"https:\/\/www.wirtschaftsverein.at\/"},{"@type":"ListItem","position":2,"name":"Malerbetrieb Wallner Stefan"}]},{"@type":"WebSite","@id":"https:\/\/www.wirtschaftsverein.at\/#website","url":"https:\/\/www.wirtschaftsverein.at\/","name":"Wirtschaftsverein Lauter","description":"","publisher":{"@id":"https:\/\/www.wirtschaftsverein.at\/#organization"},"potentialAction":[{"@type":"SearchAction","target":{"@type":"EntryPoint","urlTemplate":"https:\/\/www.wirtschaftsverein.at\/?s={search_term_string}"},"query-input":{"@type":"PropertyValueSpecification","valueRequired":true,"valueName":"search_term_string"}}],"inLanguage":"de"},{"@type":"Organization","@id":"https:\/\/www.wirtschaftsverein.at\/#organization","name":"Wirtschaftsverein Lauter","url":"https:\/\/www.wirtschaftsverein.at\/","logo":{"@type":"ImageObject","inLanguage":"de","@id":"https:\/\/www.wirtschaftsverein.at\/#\/schema\/logo\/image\/","url":"https:\/\/www.wirtschaftsverein.at\/wp-content\/uploads\/2024\/04\/HWV-Logo.png","contentUrl":"https:\/\/www.wirtschaftsverein.at\/wp-content\/uploads\/2024\/04\/HWV-Logo.png","width":1280,"height":482,"caption":"Wirtschaftsverein Lauter"},"image":{"@id":"https:\/\/www.wirtschaftsverein.at\/#\/schema\/logo\/image\/"}}]}},"_links":{"self":[{"href":"https:\/\/www.wirtschaftsverein.at\/index.php?rest_route=\/wp\/v2\/pages\/13246","targetHints":{"allow":["GET"]}}],"collection":[{"href":"https:\/\/www.wirtschaftsverein.at\/index.php?rest_route=\/wp\/v2\/pages"}],"about":[{"href":"https:\/\/www.wirtschaftsverein.at\/index.php?rest_route=\/wp\/v2\/types\/page"}],"author":[{"embeddable":true,"href":"https:\/\/www.wirtschaftsverein.at\/index.php?rest_route=\/wp\/v2\/users\/1"}],"replies":[{"embeddable":true,"href":"https:\/\/www.wirtschaftsverein.at\/index.php?rest_route=%2Fwp%2Fv2%2Fcomments&post=13246"}],"version-history":[{"count":16,"href":"https:\/\/www.wirtschaftsverein.at\/index.php?rest_route=\/wp\/v2\/pages\/13246\/revisions"}],"predecessor-version":[{"id":13262,"href":"https:\/\/www.wirtschaftsverein.at\/index.php?rest_route=\/wp\/v2\/pages\/13246\/revisions\/13262"}],"wp:attachment":[{"href":"https:\/\/www.wirtschaftsverein.at\/index.php?rest_route=%2Fwp%2Fv2%2Fmedia&parent=13246"}],"curies":[{"name":"wp","href":"https:\/\/api.w.org\/{rel}","templated":true}]}}