{"id":13655,"date":"2026-03-04T16:26:42","date_gmt":"2026-03-04T16:26:42","guid":{"rendered":"https:\/\/www.wirtschaftsverein.at\/?page_id=13655"},"modified":"2026-03-04T16:33:51","modified_gmt":"2026-03-04T16:33:51","slug":"laendle-metzgerei-klopfer","status":"publish","type":"page","link":"https:\/\/www.wirtschaftsverein.at\/?page_id=13655","title":{"rendered":"L\u00e4ndle Metzgerei Klopfer"},"content":{"rendered":"\t\t<div data-elementor-type=\"wp-page\" data-elementor-id=\"13655\" class=\"elementor elementor-13655\">\n\t\t\t\t<div class=\"elementor-element elementor-element-532bb68b e-flex e-con-boxed e-con e-parent\" data-id=\"532bb68b\" data-element_type=\"container\">\n\t\t\t\t\t<div class=\"e-con-inner\">\n\t\t\t\t<div class=\"elementor-element elementor-element-a47b3e6 elementor-widget elementor-widget-image\" data-id=\"a47b3e6\" data-element_type=\"widget\" data-widget_type=\"image.default\">\n\t\t\t\t<div class=\"elementor-widget-container\">\n\t\t\t\t\t\t\t\t\t\t\t\t\t\t\t<img fetchpriority=\"high\" decoding=\"async\" width=\"300\" height=\"284\" src=\"https:\/\/www.wirtschaftsverein.at\/wp-content\/uploads\/2026\/03\/Hoverklopfer-300x284.png\" class=\"attachment-medium size-medium wp-image-13653\" alt=\"\" srcset=\"https:\/\/www.wirtschaftsverein.at\/wp-content\/uploads\/2026\/03\/Hoverklopfer-300x284.png 300w, https:\/\/www.wirtschaftsverein.at\/wp-content\/uploads\/2026\/03\/Hoverklopfer.png 688w\" sizes=\"(max-width: 300px) 100vw, 300px\" \/>\t\t\t\t\t\t\t\t\t\t\t\t\t\t\t<\/div>\n\t\t\t\t<\/div>\n\t\t\t\t<div class=\"elementor-element elementor-element-1f6c8efe elementor-widget elementor-widget-qi_addons_for_elementor_business_hours\" data-id=\"1f6c8efe\" data-element_type=\"widget\" data-widget_type=\"qi_addons_for_elementor_business_hours.default\">\n\t\t\t\t<div class=\"elementor-widget-container\">\n\t\t\t\t\t<div class=\"qodef-shortcode qodef-m qodef-qi-business-hours qodef-layout--standard qodef-line-type--between qodef-resposive--no qodef-text-underline\">\n\t<div class=\"qodef-m-inner\">\n\t\t\t<h5 class=\"qodef-m-subtitle\">\n\t\tTradition &amp; Genuss aus Lauterach\t<\/h5>\n\t\t\t<h2 class=\"qodef-m-title\">\n\t\tL\u00e4ndle Metzgerei Klopfer\t<\/h2>\n\t\t\t\t<div class=\"qodef-m-items\">\n\t\t\t<div class=\"qodef-e qodef-e-item elementor-repeater-item-14a1356\">\n\t\t\t<div class=\"qodef-e-title-holder\">\n\t\t\t\t\t\t<h5 class=\"qodef-e-day\">\n\t\t\t\tAdresse\t\t\t<\/h5>\n\t\t<\/div>\n\t\t<div class=\"qodef-e-line\"><\/div>\n\t\t\t\t\t<p class=\"qodef-e-hours\">\n\t\t\t\tFranz Klopfer GmbH &amp; Co KG, Alte Landstra\u00dfe 12, 6923 Lauterach\t\t\t<\/p>\n\t\t\t<\/div>\n<div class=\"qodef-e qodef-e-item elementor-repeater-item-dba2b1c\">\n\t\t\t<div class=\"qodef-e-title-holder\">\n\t\t\t\t\t\t<h5 class=\"qodef-e-day\">\n\t\t\t\tTelefon\t\t\t<\/h5>\n\t\t<\/div>\n\t\t<div class=\"qodef-e-line\"><\/div>\n\t\t\t\t\t<p class=\"qodef-e-hours\">\n\t\t\t\t+43 5574 71266\t\t\t<\/p>\n\t\t\t<\/div>\n<div class=\"qodef-e qodef-e-item elementor-repeater-item-dda1a46\">\n\t\t\t<div class=\"qodef-e-title-holder\">\n\t\t\t\t\t\t<h5 class=\"qodef-e-day\">\n\t\t\t\tE-Mail\t\t\t<\/h5>\n\t\t<\/div>\n\t\t<div class=\"qodef-e-line\"><\/div>\n\t\t\t\t\t<p class=\"qodef-e-hours\">\n\t\t\t\tchristof@klopfer.at\t\t\t<\/p>\n\t\t\t<\/div>\n<div class=\"qodef-e qodef-e-item elementor-repeater-item-d9124d4\">\n\t\t\t<div class=\"qodef-e-title-holder\">\n\t\t\t\t\t\t<h5 class=\"qodef-e-day\">\n\t\t\t\tWebseite\t\t\t<\/h5>\n\t\t<\/div>\n\t\t<div class=\"qodef-e-line\"><\/div>\n\t\t\t\t\t<p class=\"qodef-e-hours\">\n\t\t\t\twww.klopfer.at\t\t\t<\/p>\n\t\t\t<\/div>\n<div class=\"qodef-e qodef-e-item elementor-repeater-item-c2176fe\">\n\t\t\t<div class=\"qodef-e-title-holder\">\n\t\t\t\t\t\t<h5 class=\"qodef-e-day\">\n\t\t\t\tGr\u00fcndungsjahr\t\t\t<\/h5>\n\t\t<\/div>\n\t\t<div class=\"qodef-e-line\"><\/div>\n\t\t\t\t\t<p class=\"qodef-e-hours\">\n\t\t\t\tseit 130 Jahren\t\t\t<\/p>\n\t\t\t<\/div>\n<div class=\"qodef-e qodef-e-item elementor-repeater-item-c1130f3\">\n\t\t\t<div class=\"qodef-e-title-holder\">\n\t\t\t\t\t\t<h5 class=\"qodef-e-day\">\n\t\t\t\t\u00d6ffnungszeiten\t\t\t<\/h5>\n\t\t<\/div>\n\t\t<div class=\"qodef-e-line\"><\/div>\n\t\t\t\t\t<p class=\"qodef-e-hours\">\n\t\t\t\tMontag \u2013 Samstag: 07:30 \u2013 13:00 Uhr, Freitag: 15:00 \u2013 18:00 Uhr \t\t\t<\/p>\n\t\t\t<\/div>\n\t\t<\/div>\n\t\t\t<div class=\"qodef-m-text\">\n\t\t<p><strong>Tradition trifft Handwerk\u00a0<\/strong><\/p><p><strong>Die\u00a0<em>L\u00e4ndle Metzgerei Klopfer<\/em>\u00a0ist ein traditionsreicher Familienbetrieb in\u00a0vierter Generation\u00a0mit starker regionaler Verankerung. Seit \u00fcber\u00a0130 Jahren\u00a0steht die Metzgerei f\u00fcr erstklassige Fleisch- und Wurstwaren aus eigener Produktion und unverkennbaren Genuss.<\/strong><\/p><p><strong>Bei Klopfer wird Wert gelegt auf\u00a0handwerkliche Herstellung, kurze Transportwege zu lokalen Landwirtschaftsbetrieben und h\u00f6chste Qualit\u00e4t \u2013 vom klassischen Frischfleisch \u00fcber hausgemachte Wurst- und Feinkostsorten bis zu saisonalen Spezialit\u00e4ten.\u00a0<\/strong><\/p><p><strong>Unser Angebot\u00a0<\/strong><\/p><ul><li><strong>Frische Fleisch- und Wurstwaren<\/strong>\u00a0\u2013 \u00fcberwiegend selbst produziert<\/li><li><strong>Mittagsmen\u00fc &amp; Hei\u00dfe Theke<\/strong>\u00a0\u2013 t\u00e4glich frisch zubereitet<\/li><li><strong>Feinkost &amp; regionale Produkte<\/strong><\/li><li><strong>Partyservice<\/strong>\u00a0f\u00fcr Events und Feierlichkeiten<\/li><\/ul><p>Im gem\u00fctlichen Gastraum k\u00f6nnen G\u00e4ste auch direkt vor Ort genie\u00dfen \u2013 ideal f\u00fcr alle, die unterwegs keine Zeit zum Kochen haben.<\/p><p><strong>Regionalit\u00e4t &amp; Verantwortung\u00a0<\/strong><\/p><p>Als verl\u00e4sslicher Partner der Vorarlberger Landwirtschaft bezieht Klopfer Fleisch \u00fcberwiegend von heimischen Bauern, pflegt pers\u00f6nliche Beziehungen zum Produzenten und achtet auf kurze Produktions- und Transportwege \u2013 im Sinne von Tierwohl und Nachhaltigkeit.\u00a0<\/p>\t<\/div>\n\t<\/div>\n<\/div>\n\t\t\t\t<\/div>\n\t\t\t\t<\/div>\n\t\t\t\t<div class=\"elementor-element elementor-element-cafa868 elementor-shape-circle elementor-grid-0 e-grid-align-center elementor-widget elementor-widget-social-icons\" data-id=\"cafa868\" data-element_type=\"widget\" data-widget_type=\"social-icons.default\">\n\t\t\t\t<div class=\"elementor-widget-container\">\n\t\t\t\t\t\t\t<div class=\"elementor-social-icons-wrapper elementor-grid\">\n\t\t\t\t\t\t\t<span class=\"elementor-grid-item\">\n\t\t\t\t\t<a class=\"elementor-icon elementor-social-icon elementor-social-icon-link elementor-repeater-item-8cec8a1\" href=\"http:\/\/www.klopfer.at\" target=\"_blank\">\n\t\t\t\t\t\t<span class=\"elementor-screen-only\">Link<\/span>\n\t\t\t\t\t\t<svg aria-hidden=\"true\" class=\"e-font-icon-svg e-fas-link\" viewBox=\"0 0 512 512\" xmlns=\"http:\/\/www.w3.org\/2000\/svg\"><path d=\"M326.612 185.391c59.747 59.809 58.927 155.698.36 214.59-.11.12-.24.25-.36.37l-67.2 67.2c-59.27 59.27-155.699 59.262-214.96 0-59.27-59.26-59.27-155.7 0-214.96l37.106-37.106c9.84-9.84 26.786-3.3 27.294 10.606.648 17.722 3.826 35.527 9.69 52.721 1.986 5.822.567 12.262-3.783 16.612l-13.087 13.087c-28.026 28.026-28.905 73.66-1.155 101.96 28.024 28.579 74.086 28.749 102.325.51l67.2-67.19c28.191-28.191 28.073-73.757 0-101.83-3.701-3.694-7.429-6.564-10.341-8.569a16.037 16.037 0 0 1-6.947-12.606c-.396-10.567 3.348-21.456 11.698-29.806l21.054-21.055c5.521-5.521 14.182-6.199 20.584-1.731a152.482 152.482 0 0 1 20.522 17.197zM467.547 44.449c-59.261-59.262-155.69-59.27-214.96 0l-67.2 67.2c-.12.12-.25.25-.36.37-58.566 58.892-59.387 154.781.36 214.59a152.454 152.454 0 0 0 20.521 17.196c6.402 4.468 15.064 3.789 20.584-1.731l21.054-21.055c8.35-8.35 12.094-19.239 11.698-29.806a16.037 16.037 0 0 0-6.947-12.606c-2.912-2.005-6.64-4.875-10.341-8.569-28.073-28.073-28.191-73.639 0-101.83l67.2-67.19c28.239-28.239 74.3-28.069 102.325.51 27.75 28.3 26.872 73.934-1.155 101.96l-13.087 13.087c-4.35 4.35-5.769 10.79-3.783 16.612 5.864 17.194 9.042 34.999 9.69 52.721.509 13.906 17.454 20.446 27.294 10.606l37.106-37.106c59.271-59.259 59.271-155.699.001-214.959z\"><\/path><\/svg>\t\t\t\t\t<\/a>\n\t\t\t\t<\/span>\n\t\t\t\t\t<\/div>\n\t\t\t\t\t\t<\/div>\n\t\t\t\t<\/div>\n\t\t\t\t<div class=\"elementor-element elementor-element-46dd2fc8 elementor-widget-divider--view-line elementor-widget elementor-widget-divider\" data-id=\"46dd2fc8\" data-element_type=\"widget\" data-widget_type=\"divider.default\">\n\t\t\t\t<div class=\"elementor-widget-container\">\n\t\t\t\t\t\t\t<div class=\"elementor-divider\">\n\t\t\t<span class=\"elementor-divider-separator\">\n\t\t\t\t\t\t<\/span>\n\t\t<\/div>\n\t\t\t\t\t\t<\/div>\n\t\t\t\t<\/div>\n\t\t\t\t\t<\/div>\n\t\t\t\t<\/div>\n\t\t<div class=\"elementor-element elementor-element-1adba7d2 e-flex e-con-boxed e-con e-parent\" data-id=\"1adba7d2\" data-element_type=\"container\">\n\t\t\t\t\t<div class=\"e-con-inner\">\n\t\t\t\t<div class=\"elementor-element elementor-element-260d3601 elementor-widget elementor-widget-qi_addons_for_elementor_image_slider\" data-id=\"260d3601\" data-element_type=\"widget\" data-widget_type=\"qi_addons_for_elementor_image_slider.default\">\n\t\t\t\t<div class=\"elementor-widget-container\">\n\t\t\t\t\t<div class=\"qodef-shortcode qodef-m qodef-qi-image-slider qodef-qi-fslightbox-popup qodef-popup-gallery qodef-col-num--3 qodef-qi-grid qodef-qi-swiper-container qodef-navigation--inside qodef-pagination--inside qodef-navigation--hover-move\" data-options=\"{&quot;direction&quot;:&quot;horizontal&quot;,&quot;slidesPerView&quot;:&quot;3&quot;,&quot;spaceBetween&quot;:30,&quot;spaceBetweenTablet&quot;:30,&quot;spaceBetweenMobile&quot;:30,&quot;effect&quot;:&quot;&quot;,&quot;loop&quot;:true,&quot;autoplay&quot;:true,&quot;centeredSlides&quot;:false,&quot;speed&quot;:&quot;&quot;,&quot;speedAnimation&quot;:&quot;&quot;,&quot;outsideNavigation&quot;:&quot;no&quot;,&quot;outsidePagination&quot;:&quot;no&quot;,&quot;unique&quot;:138,&quot;partialValue&quot;:0,&quot;disablePartialValue&quot;:&quot;&quot;,&quot;parallax&quot;:&quot;no&quot;}\">\n\t<div class=\"swiper-wrapper\">\n\t\t<div class=\"qodef-e swiper-slide\">\n\t<div class=\"qodef-e-inner\">\n\t\t<div class=\"qodef-e-inner-holder\">\n\t\t\t\t\t\t\t<a class=\"qodef-popup-item\" itemprop=\"image\" href=\"https:\/\/www.wirtschaftsverein.at\/wp-content\/uploads\/2026\/03\/Hoverklopfer2.png\" data-type=\"image\" data-fslightbox=\"gallery-138\" data-e-disable-page-transition=\u201dtrue\u201d>\n\t\t\t\t\t\t\t<img decoding=\"async\" width=\"688\" height=\"652\" src=\"https:\/\/www.wirtschaftsverein.at\/wp-content\/uploads\/2026\/03\/Hoverklopfer2.png\" class=\"attachment-full size-full\" alt=\"\" srcset=\"https:\/\/www.wirtschaftsverein.at\/wp-content\/uploads\/2026\/03\/Hoverklopfer2.png 688w, https:\/\/www.wirtschaftsverein.at\/wp-content\/uploads\/2026\/03\/Hoverklopfer2-300x284.png 300w\" sizes=\"(max-width: 688px) 100vw, 688px\" \/>\t\t\t\t\t\t\t<\/a>\n\t\t\t\t\t<\/div>\n\t<\/div>\n\t<\/div>\n<div class=\"qodef-e swiper-slide\">\n\t<div class=\"qodef-e-inner\">\n\t\t<div class=\"qodef-e-inner-holder\">\n\t\t\t\t\t\t\t<a class=\"qodef-popup-item\" itemprop=\"image\" href=\"https:\/\/www.wirtschaftsverein.at\/wp-content\/uploads\/2026\/03\/A602382web.jpg\" data-type=\"image\" data-fslightbox=\"gallery-138\" data-e-disable-page-transition=\u201dtrue\u201d>\n\t\t\t\t\t\t\t<img decoding=\"async\" width=\"850\" height=\"567\" src=\"https:\/\/www.wirtschaftsverein.at\/wp-content\/uploads\/2026\/03\/A602382web.jpg\" class=\"attachment-full size-full\" alt=\"\" srcset=\"https:\/\/www.wirtschaftsverein.at\/wp-content\/uploads\/2026\/03\/A602382web.jpg 850w, https:\/\/www.wirtschaftsverein.at\/wp-content\/uploads\/2026\/03\/A602382web-300x200.jpg 300w, https:\/\/www.wirtschaftsverein.at\/wp-content\/uploads\/2026\/03\/A602382web-768x512.jpg 768w\" sizes=\"(max-width: 850px) 100vw, 850px\" \/>\t\t\t\t\t\t\t<\/a>\n\t\t\t\t\t<\/div>\n\t<\/div>\n\t<\/div>\n<div class=\"qodef-e swiper-slide\">\n\t<div class=\"qodef-e-inner\">\n\t\t<div class=\"qodef-e-inner-holder\">\n\t\t\t\t\t\t\t<a class=\"qodef-popup-item\" itemprop=\"image\" href=\"https:\/\/www.wirtschaftsverein.at\/wp-content\/uploads\/2026\/03\/A602383web.jpg\" data-type=\"image\" data-fslightbox=\"gallery-138\" data-e-disable-page-transition=\u201dtrue\u201d>\n\t\t\t\t\t\t\t<img loading=\"lazy\" decoding=\"async\" width=\"850\" height=\"567\" src=\"https:\/\/www.wirtschaftsverein.at\/wp-content\/uploads\/2026\/03\/A602383web.jpg\" class=\"attachment-full size-full\" alt=\"\" srcset=\"https:\/\/www.wirtschaftsverein.at\/wp-content\/uploads\/2026\/03\/A602383web.jpg 850w, https:\/\/www.wirtschaftsverein.at\/wp-content\/uploads\/2026\/03\/A602383web-300x200.jpg 300w, https:\/\/www.wirtschaftsverein.at\/wp-content\/uploads\/2026\/03\/A602383web-768x512.jpg 768w\" sizes=\"(max-width: 850px) 100vw, 850px\" \/>\t\t\t\t\t\t\t<\/a>\n\t\t\t\t\t<\/div>\n\t<\/div>\n\t<\/div>\n\t<\/div>\n\t\t<div class=\"swiper-button-prev\"><svg class=\"qodef-swiper-arrow-left\" xmlns=\"http:\/\/www.w3.org\/2000\/svg\" x=\"0px\" y=\"0px\" viewBox=\"0 0 34.2 32.3\" xml:space=\"preserve\" style=\"stroke-width: 2;\"><line x1=\"0.5\" y1=\"16\" x2=\"33.5\" y2=\"16\"\/><line x1=\"0.3\" y1=\"16.5\" x2=\"16.2\" y2=\"0.7\"\/><line x1=\"0\" y1=\"15.4\" x2=\"16.2\" y2=\"31.6\"\/><\/svg><\/div>\n\t<div class=\"swiper-button-next\"><svg class=\"qodef-swiper-arrow-right\" xmlns=\"http:\/\/www.w3.org\/2000\/svg\" x=\"0px\" y=\"0px\" viewBox=\"0 0 34.2 32.3\" xml:space=\"preserve\" style=\"stroke-width: 2;\"><line x1=\"0\" y1=\"16\" x2=\"33\" y2=\"16\"\/><line x1=\"17.3\" y1=\"0.7\" x2=\"33.2\" y2=\"16.5\"\/><line x1=\"17.3\" y1=\"31.6\" x2=\"33.5\" y2=\"15.4\"\/><\/svg><\/div>\n\t<div class=\"swiper-pagination\"><\/div>\n<\/div>\n\t\t\t\t<\/div>\n\t\t\t\t<\/div>\n\t\t\t\t\t<\/div>\n\t\t\t\t<\/div>\n\t\t<div class=\"elementor-element elementor-element-3c6f5b54 e-flex e-con-boxed e-con e-parent\" data-id=\"3c6f5b54\" data-element_type=\"container\">\n\t\t\t\t\t<div class=\"e-con-inner\">\n\t\t\t\t\t<\/div>\n\t\t\t\t<\/div>\n\t\t\t\t<\/div>\n\t\t","protected":false},"excerpt":{"rendered":"<p>Tradition &amp; Genuss aus Lauterach L\u00e4ndle Metzgerei Klopfer Adresse Franz Klopfer GmbH &amp; Co KG, Alte Landstra\u00dfe 12, 6923 Lauterach Telefon +43 5574 71266 E-Mail christof@klopfer.at Webseite www.klopfer.at Gr\u00fcndungsjahr seit 130 Jahren \u00d6ffnungszeiten Montag \u2013 Samstag: 07:30 \u2013 13:00 Uhr, Freitag: 15:00 \u2013 18:00 Uhr Tradition trifft Handwerk\u00a0 Die\u00a0L\u00e4ndle Metzgerei Klopfer\u00a0ist ein traditionsreicher Familienbetrieb in\u00a0vierter [&hellip;]<\/p>\n","protected":false},"author":1,"featured_media":0,"parent":0,"menu_order":0,"comment_status":"closed","ping_status":"closed","template":"","meta":{"footnotes":""},"class_list":["post-13655","page","type-page","status-publish","hentry"],"yoast_head":"<!-- This site is optimized with the Yoast SEO plugin v26.5 - https:\/\/yoast.com\/wordpress\/plugins\/seo\/ -->\n<title>L\u00e4ndle Metzgerei Klopfer - Wirtschaftsverein Lauter<\/title>\n<meta name=\"robots\" content=\"index, follow, max-snippet:-1, max-image-preview:large, max-video-preview:-1\" \/>\n<link rel=\"canonical\" href=\"https:\/\/www.wirtschaftsverein.at\/?page_id=13655\" \/>\n<meta property=\"og:locale\" content=\"de_DE\" \/>\n<meta property=\"og:type\" content=\"article\" \/>\n<meta property=\"og:title\" content=\"L\u00e4ndle Metzgerei Klopfer - Wirtschaftsverein Lauter\" \/>\n<meta property=\"og:description\" content=\"Tradition &amp; Genuss aus Lauterach L\u00e4ndle Metzgerei Klopfer Adresse Franz Klopfer GmbH &amp; Co KG, Alte Landstra\u00dfe 12, 6923 Lauterach Telefon +43 5574 71266 E-Mail christof@klopfer.at Webseite www.klopfer.at Gr\u00fcndungsjahr seit 130 Jahren \u00d6ffnungszeiten Montag \u2013 Samstag: 07:30 \u2013 13:00 Uhr, Freitag: 15:00 \u2013 18:00 Uhr Tradition trifft Handwerk\u00a0 Die\u00a0L\u00e4ndle Metzgerei Klopfer\u00a0ist ein traditionsreicher Familienbetrieb in\u00a0vierter [&hellip;]\" \/>\n<meta property=\"og:url\" content=\"https:\/\/www.wirtschaftsverein.at\/?page_id=13655\" \/>\n<meta property=\"og:site_name\" content=\"Wirtschaftsverein Lauter\" \/>\n<meta property=\"article:modified_time\" content=\"2026-03-04T16:33:51+00:00\" \/>\n<meta property=\"og:image\" content=\"https:\/\/www.wirtschaftsverein.at\/wp-content\/uploads\/2026\/03\/Hoverklopfer.png\" \/>\n\t<meta property=\"og:image:width\" content=\"688\" \/>\n\t<meta property=\"og:image:height\" content=\"652\" \/>\n\t<meta property=\"og:image:type\" content=\"image\/png\" \/>\n<meta name=\"twitter:card\" content=\"summary_large_image\" \/>\n<meta name=\"twitter:label1\" content=\"Gesch\u00e4tzte Lesezeit\" \/>\n\t<meta name=\"twitter:data1\" content=\"3\u00a0Minuten\" \/>\n<script type=\"application\/ld+json\" class=\"yoast-schema-graph\">{\"@context\":\"https:\/\/schema.org\",\"@graph\":[{\"@type\":\"WebPage\",\"@id\":\"https:\/\/www.wirtschaftsverein.at\/?page_id=13655\",\"url\":\"https:\/\/www.wirtschaftsverein.at\/?page_id=13655\",\"name\":\"L\u00e4ndle Metzgerei Klopfer - Wirtschaftsverein Lauter\",\"isPartOf\":{\"@id\":\"https:\/\/www.wirtschaftsverein.at\/#website\"},\"primaryImageOfPage\":{\"@id\":\"https:\/\/www.wirtschaftsverein.at\/?page_id=13655#primaryimage\"},\"image\":{\"@id\":\"https:\/\/www.wirtschaftsverein.at\/?page_id=13655#primaryimage\"},\"thumbnailUrl\":\"https:\/\/www.wirtschaftsverein.at\/wp-content\/uploads\/2026\/03\/Hoverklopfer-300x284.png\",\"datePublished\":\"2026-03-04T16:26:42+00:00\",\"dateModified\":\"2026-03-04T16:33:51+00:00\",\"breadcrumb\":{\"@id\":\"https:\/\/www.wirtschaftsverein.at\/?page_id=13655#breadcrumb\"},\"inLanguage\":\"de\",\"potentialAction\":[{\"@type\":\"ReadAction\",\"target\":[\"https:\/\/www.wirtschaftsverein.at\/?page_id=13655\"]}]},{\"@type\":\"ImageObject\",\"inLanguage\":\"de\",\"@id\":\"https:\/\/www.wirtschaftsverein.at\/?page_id=13655#primaryimage\",\"url\":\"https:\/\/www.wirtschaftsverein.at\/wp-content\/uploads\/2026\/03\/Hoverklopfer.png\",\"contentUrl\":\"https:\/\/www.wirtschaftsverein.at\/wp-content\/uploads\/2026\/03\/Hoverklopfer.png\",\"width\":688,\"height\":652},{\"@type\":\"BreadcrumbList\",\"@id\":\"https:\/\/www.wirtschaftsverein.at\/?page_id=13655#breadcrumb\",\"itemListElement\":[{\"@type\":\"ListItem\",\"position\":1,\"name\":\"Startseite\",\"item\":\"https:\/\/www.wirtschaftsverein.at\/\"},{\"@type\":\"ListItem\",\"position\":2,\"name\":\"L\u00e4ndle Metzgerei Klopfer\"}]},{\"@type\":\"WebSite\",\"@id\":\"https:\/\/www.wirtschaftsverein.at\/#website\",\"url\":\"https:\/\/www.wirtschaftsverein.at\/\",\"name\":\"Wirtschaftsverein Lauter\",\"description\":\"\",\"publisher\":{\"@id\":\"https:\/\/www.wirtschaftsverein.at\/#organization\"},\"potentialAction\":[{\"@type\":\"SearchAction\",\"target\":{\"@type\":\"EntryPoint\",\"urlTemplate\":\"https:\/\/www.wirtschaftsverein.at\/?s={search_term_string}\"},\"query-input\":{\"@type\":\"PropertyValueSpecification\",\"valueRequired\":true,\"valueName\":\"search_term_string\"}}],\"inLanguage\":\"de\"},{\"@type\":\"Organization\",\"@id\":\"https:\/\/www.wirtschaftsverein.at\/#organization\",\"name\":\"Wirtschaftsverein Lauter\",\"url\":\"https:\/\/www.wirtschaftsverein.at\/\",\"logo\":{\"@type\":\"ImageObject\",\"inLanguage\":\"de\",\"@id\":\"https:\/\/www.wirtschaftsverein.at\/#\/schema\/logo\/image\/\",\"url\":\"https:\/\/www.wirtschaftsverein.at\/wp-content\/uploads\/2024\/04\/HWV-Logo.png\",\"contentUrl\":\"https:\/\/www.wirtschaftsverein.at\/wp-content\/uploads\/2024\/04\/HWV-Logo.png\",\"width\":1280,\"height\":482,\"caption\":\"Wirtschaftsverein Lauter\"},\"image\":{\"@id\":\"https:\/\/www.wirtschaftsverein.at\/#\/schema\/logo\/image\/\"}}]}<\/script>\n<!-- \/ Yoast SEO plugin. -->","yoast_head_json":{"title":"L\u00e4ndle Metzgerei Klopfer - Wirtschaftsverein Lauter","robots":{"index":"index","follow":"follow","max-snippet":"max-snippet:-1","max-image-preview":"max-image-preview:large","max-video-preview":"max-video-preview:-1"},"canonical":"https:\/\/www.wirtschaftsverein.at\/?page_id=13655","og_locale":"de_DE","og_type":"article","og_title":"L\u00e4ndle Metzgerei Klopfer - Wirtschaftsverein Lauter","og_description":"Tradition &amp; Genuss aus Lauterach L\u00e4ndle Metzgerei Klopfer Adresse Franz Klopfer GmbH &amp; Co KG, Alte Landstra\u00dfe 12, 6923 Lauterach Telefon +43 5574 71266 E-Mail christof@klopfer.at Webseite www.klopfer.at Gr\u00fcndungsjahr seit 130 Jahren \u00d6ffnungszeiten Montag \u2013 Samstag: 07:30 \u2013 13:00 Uhr, Freitag: 15:00 \u2013 18:00 Uhr Tradition trifft Handwerk\u00a0 Die\u00a0L\u00e4ndle Metzgerei Klopfer\u00a0ist ein traditionsreicher Familienbetrieb in\u00a0vierter [&hellip;]","og_url":"https:\/\/www.wirtschaftsverein.at\/?page_id=13655","og_site_name":"Wirtschaftsverein Lauter","article_modified_time":"2026-03-04T16:33:51+00:00","og_image":[{"width":688,"height":652,"url":"https:\/\/www.wirtschaftsverein.at\/wp-content\/uploads\/2026\/03\/Hoverklopfer.png","type":"image\/png"}],"twitter_card":"summary_large_image","twitter_misc":{"Gesch\u00e4tzte Lesezeit":"3\u00a0Minuten"},"schema":{"@context":"https:\/\/schema.org","@graph":[{"@type":"WebPage","@id":"https:\/\/www.wirtschaftsverein.at\/?page_id=13655","url":"https:\/\/www.wirtschaftsverein.at\/?page_id=13655","name":"L\u00e4ndle Metzgerei Klopfer - Wirtschaftsverein Lauter","isPartOf":{"@id":"https:\/\/www.wirtschaftsverein.at\/#website"},"primaryImageOfPage":{"@id":"https:\/\/www.wirtschaftsverein.at\/?page_id=13655#primaryimage"},"image":{"@id":"https:\/\/www.wirtschaftsverein.at\/?page_id=13655#primaryimage"},"thumbnailUrl":"https:\/\/www.wirtschaftsverein.at\/wp-content\/uploads\/2026\/03\/Hoverklopfer-300x284.png","datePublished":"2026-03-04T16:26:42+00:00","dateModified":"2026-03-04T16:33:51+00:00","breadcrumb":{"@id":"https:\/\/www.wirtschaftsverein.at\/?page_id=13655#breadcrumb"},"inLanguage":"de","potentialAction":[{"@type":"ReadAction","target":["https:\/\/www.wirtschaftsverein.at\/?page_id=13655"]}]},{"@type":"ImageObject","inLanguage":"de","@id":"https:\/\/www.wirtschaftsverein.at\/?page_id=13655#primaryimage","url":"https:\/\/www.wirtschaftsverein.at\/wp-content\/uploads\/2026\/03\/Hoverklopfer.png","contentUrl":"https:\/\/www.wirtschaftsverein.at\/wp-content\/uploads\/2026\/03\/Hoverklopfer.png","width":688,"height":652},{"@type":"BreadcrumbList","@id":"https:\/\/www.wirtschaftsverein.at\/?page_id=13655#breadcrumb","itemListElement":[{"@type":"ListItem","position":1,"name":"Startseite","item":"https:\/\/www.wirtschaftsverein.at\/"},{"@type":"ListItem","position":2,"name":"L\u00e4ndle Metzgerei Klopfer"}]},{"@type":"WebSite","@id":"https:\/\/www.wirtschaftsverein.at\/#website","url":"https:\/\/www.wirtschaftsverein.at\/","name":"Wirtschaftsverein Lauter","description":"","publisher":{"@id":"https:\/\/www.wirtschaftsverein.at\/#organization"},"potentialAction":[{"@type":"SearchAction","target":{"@type":"EntryPoint","urlTemplate":"https:\/\/www.wirtschaftsverein.at\/?s={search_term_string}"},"query-input":{"@type":"PropertyValueSpecification","valueRequired":true,"valueName":"search_term_string"}}],"inLanguage":"de"},{"@type":"Organization","@id":"https:\/\/www.wirtschaftsverein.at\/#organization","name":"Wirtschaftsverein Lauter","url":"https:\/\/www.wirtschaftsverein.at\/","logo":{"@type":"ImageObject","inLanguage":"de","@id":"https:\/\/www.wirtschaftsverein.at\/#\/schema\/logo\/image\/","url":"https:\/\/www.wirtschaftsverein.at\/wp-content\/uploads\/2024\/04\/HWV-Logo.png","contentUrl":"https:\/\/www.wirtschaftsverein.at\/wp-content\/uploads\/2024\/04\/HWV-Logo.png","width":1280,"height":482,"caption":"Wirtschaftsverein Lauter"},"image":{"@id":"https:\/\/www.wirtschaftsverein.at\/#\/schema\/logo\/image\/"}}]}},"_links":{"self":[{"href":"https:\/\/www.wirtschaftsverein.at\/index.php?rest_route=\/wp\/v2\/pages\/13655","targetHints":{"allow":["GET"]}}],"collection":[{"href":"https:\/\/www.wirtschaftsverein.at\/index.php?rest_route=\/wp\/v2\/pages"}],"about":[{"href":"https:\/\/www.wirtschaftsverein.at\/index.php?rest_route=\/wp\/v2\/types\/page"}],"author":[{"embeddable":true,"href":"https:\/\/www.wirtschaftsverein.at\/index.php?rest_route=\/wp\/v2\/users\/1"}],"replies":[{"embeddable":true,"href":"https:\/\/www.wirtschaftsverein.at\/index.php?rest_route=%2Fwp%2Fv2%2Fcomments&post=13655"}],"version-history":[{"count":10,"href":"https:\/\/www.wirtschaftsverein.at\/index.php?rest_route=\/wp\/v2\/pages\/13655\/revisions"}],"predecessor-version":[{"id":13665,"href":"https:\/\/www.wirtschaftsverein.at\/index.php?rest_route=\/wp\/v2\/pages\/13655\/revisions\/13665"}],"wp:attachment":[{"href":"https:\/\/www.wirtschaftsverein.at\/index.php?rest_route=%2Fwp%2Fv2%2Fmedia&parent=13655"}],"curies":[{"name":"wp","href":"https:\/\/api.w.org\/{rel}","templated":true}]}}