{"id":3,"date":"2024-04-24T19:32:49","date_gmt":"2024-04-24T19:32:49","guid":{"rendered":"https:\/\/stg.wirtschaftsverein.at\/?page_id=3"},"modified":"2024-07-10T17:45:25","modified_gmt":"2024-07-10T17:45:25","slug":"datenschutz","status":"publish","type":"page","link":"https:\/\/www.wirtschaftsverein.at\/?page_id=3","title":{"rendered":"Datenschutz"},"content":{"rendered":"\n<h2 class=\"wp-block-heading\">Wer wir sind<\/h2>\n\n\n\n<p>https:\/\/wirtschaftsverein.at<br>Auf dieser Webseite erhalten sie Informationen \u00fcber den Handwerker- und Wirtschaftsverein Lauterach und dessen Aktivit\u00e4ten.<\/p>\n\n\n\n<h4 class=\"wp-block-heading\">Adresse:<\/h4>\n\n\n\n<p>Montfortplatz 6<br>6923 Lauterach<br>Telefon: +43 (0)664 2025722<br>E-Mail: office@wirtschaftsverein.at<\/p>\n\n\n\n<p><\/p>\n\n\n\n<p>Diese Seite wird \u00fcber Zelos gehostet.<\/p>\n\n\n\n<h2 class=\"wp-block-heading\">Personenbezogene Daten<\/h2>\n\n\n\n<p><strong>Beim Besuch der Webseite<\/strong><\/p>\n\n\n\n<p>Beim Aufrufen unserer Webseite werden vom Endger\u00e4t zum Einsatz kommenden Browser automatisch Informationen an den Server unserer Webseite gesendet. Diese Informationen werden tempor\u00e4r in einem sogenannten Logfile gespeichert. Folgende Informationen werden dabei ohne Ihr Zutun erfasst und bis zur <strong>automatisierten L\u00f6schung gespeichert:<\/strong><\/p>\n\n\n\n<p>IP-Adresse des anfragenden Rechners<br>Datum und Uhrzeit des Zugriffs<br>Name und URL der abgerufenen Datei<br>Webseite, von der aus der Zugriff erfolgt (Referrer-URL)<br>verwendeter Browser und ggf. das Betriebssystem Ihres Rechners sowie der Name Ihres Access-Providers.<br><\/p>\n\n\n\n<p><strong>Die genannten Daten werden durch uns zu folgenden Zwecken verarbeitet:<\/strong><br>Gew\u00e4hrleistung eines reibungslosen Verbindungsaufbaus der Webseite,<br>Gew\u00e4hrleistung einer komfortablen Nutzung unserer Webseite,<br>Auswertung der Systemsicherheit und -stabilit\u00e4t sowie<br>zu weiteren administrativen Zwecken.<\/p>\n\n\n\n<p>Die Rechtsgrundlage f\u00fcr die Datenverarbeitung folgt aus berechtigtem Interesse der oben aufgelisteten Zwecken zur Datenerhebung. Die erhobenen Daten werden nicht verwendet um R\u00fcckschl\u00fcsse auf Ihre Person zu ziehen.<\/p>\n\n\n\n<p><strong>Bei Nutzung unseres Kontaktformulars<\/strong><\/p>\n\n\n\n<p>Bei Fragen jeglicher Art bieten wir Ihnen die M\u00f6glichkeit, mit uns \u00fcber ein auf der Webseite bereitgestelltes Formular Kontakt aufzunehmen. Dabei ist die Angabe einer g\u00fcltigen E-Mail-Adresse erforderlich, damit wir wissen, von wem die Anfrage stammt und um diese beantworten zu k\u00f6nnen. Weitere Angaben k\u00f6nnen freiwillig get\u00e4tigt werden.<\/p>\n\n\n\n<p>Die Datenverarbeitung zum Zwecke der Kontaktaufnahme mit uns erfolgt nach Art. 6 Abs. 1 S. 1 lit. a DSGVO auf Grundlage Ihrer freiwillig erteilten Einwilligung.<\/p>\n\n\n\n<p>Die f\u00fcr die Benutzung des Kontaktformulars von uns erhobenen personenbezogenen Daten werden nach Erledigung der von Ihnen gestellten Anfrage automatisch gel\u00f6scht.<\/p>\n\n\n\n<h2 class=\"wp-block-heading\">Cookies<\/h2>\n\n\n\n<p>Ja, auch wir benutzen Cookies! Das sind kleine Textdateien, die auf deinem Ger\u00e4t landen und dort gespeichert werden. Sie helfen uns dabei, unsere Webseite benutzerfreundlicher, effektiver und sicherer zu machen. Keine Sorge, Cookies richten keinen Schaden an und enthalten keine Viren.<\/p>\n\n\n\n<p><strong>a) Welche Cookies gibt\u2019s bei uns?<\/strong><\/p>\n\n\n\n<p><strong>Session-Cookies:<\/strong> Die fliegen nach deinem Besuch automatisch wieder raus.<\/p>\n\n\n\n<p><strong>Dauerhafte Cookies:<\/strong> Die bleiben eine Weile auf deinem Ger\u00e4t, bis du sie l\u00f6scht oder sie ablaufen.<\/p>\n\n\n\n<p><strong>Cookies von Dritten:<\/strong> Die kommen von anderen Anbietern, wie z.B. eingebetteten Videos oder Social Media Plugins.<\/p>\n\n\n\n<p><strong>b) Wof\u00fcr brauchen wir Cookies?<\/strong><\/p>\n\n\n\n<p>Die Cookies sind f\u00fcr verschiedene Sachen gut:<\/p>\n\n\n\n<p><strong>Funktionalit\u00e4t:<\/strong> Damit alles auf unserer Webseite reibungslos l\u00e4uft.<\/p>\n\n\n\n<p><strong>Analyse:<\/strong> Um anonym zu checken, wie unsere Seite genutzt wird und sie noch besser zu machen.<\/p>\n\n\n\n<p><strong>Marketing:<\/strong> Damit du personalisierte Werbung siehst und wir wissen, wie gut unsere Werbung ankommt.<\/p>\n\n\n\n<p><strong>c) Cookie-Einstellungen<\/strong><\/p>\n\n\n\n<p>Du kannst deinen Browser so einstellen, wie du willst, und Cookies ablehnen oder nur bestimmte zulassen. Schon gespeicherte Cookies kannst du jederzeit l\u00f6schen. Aber Vorsicht: Wenn du Cookies blockierst, k\u00f6nnte es sein, dass unsere Webseite nicht mehr ganz rund l\u00e4uft.<\/p>\n\n\n\n<p><strong>d) Einwilligung und Widerruf<\/strong><\/p>\n\n\n\n<p>Falls wir Cookies einsetzen, die deine Zustimmung brauchen, fragen wir vorher nach. Und keine Panik: Deine Einwilligung kannst du jederzeit f\u00fcr die Zukunft widerrufen, indem du deine Cookie-Einstellungen bei uns anpasst.<\/p>\n\n\n\n<h2 class=\"wp-block-heading\">Links auf externe Webseiten<\/h2>\n\n\n\n<p>Unsere Webseite enth\u00e4lt Links zu externen Webseiten Dritter, auf deren Inhalte wir keinen Einfluss haben. Deshalb k\u00f6nnen wir f\u00fcr diese fremden Inhalte auch keine Gew\u00e4hr \u00fcbernehmen. F\u00fcr die Inhalte der verlinkten Seiten ist stets der jeweilige Anbieter oder Betreiber der Seiten verantwortlich. Die verlinkten Seiten wurden zum Zeitpunkt der Verlinkung auf m\u00f6gliche Rechtsverst\u00f6\u00dfe \u00fcberpr\u00fcft. Rechtswidrige Inhalte waren zum Zeitpunkt der Verlinkung nicht erkennbar.<\/p>\n\n\n\n<p>Eine permanente inhaltliche Kontrolle der verlinkten Seiten ist jedoch ohne konkrete Anhaltspunkte einer Rechtsverletzung nicht zumutbar. Bei Bekanntwerden von Rechtsverletzungen werden wir derartige Links umgehend entfernen.<\/p>\n\n\n\n<h2 class=\"wp-block-heading\">Google Analytics<\/h2>\n\n\n\n<p>Unsere Webseite benutzt Google Analytics, einen Webanalysedienst der Google LLC (\u201eGoogle\u201c). Google Analytics verwendet sogenannte \u201eCookies\u201c, Textdateien, die auf Ihrem Computer gespeichert werden und die eine Analyse der Benutzung der Webseite durch Sie erm\u00f6glichen.<\/p>\n\n\n\n<p><strong>a) Zweck der Verarbeitung<\/strong><\/p>\n\n\n\n<p>Die durch den Cookie erzeugten Informationen \u00fcber Ihre Benutzung dieser Webseite werden in der Regel an einen Server von Google in den USA \u00fcbertragen und dort gespeichert. Google nutzt diese Informationen in unserem Auftrag, um Ihre Nutzung der Webseite auszuwerten, um Reports \u00fcber die Webseitenaktivit\u00e4ten zusammenzustellen und um weitere mit der Webseitennutzung und der Internetnutzung verbundene Dienstleistungen gegen\u00fcber uns zu erbringen.<\/p>\n\n\n\n<p><strong>b) IP-Anonymisierung<\/strong><\/p>\n\n\n\n<p>Wir haben auf dieser Webseite die IP-Anonymisierung aktiviert. Das bedeutet, dass Ihre IP-Adresse von Google innerhalb von Mitgliedstaaten der Europ\u00e4ischen Union oder in anderen Vertragsstaaten des Abkommens \u00fcber den Europ\u00e4ischen Wirtschaftsraum vor der \u00dcbermittlung in die USA gek\u00fcrzt wird. Nur in Ausnahmef\u00e4llen wird die volle IP-Adresse an einen Server von Google in den USA \u00fcbertragen und dort gek\u00fcrzt. Die im Rahmen von Google Analytics von Ihrem Browser \u00fcbermittelte IP-Adresse wird nicht mit anderen Daten von Google zusammengef\u00fchrt.<\/p>\n\n\n\n<p><strong>c) Widerspruch gegen Datenerfassung<\/strong><\/p>\n\n\n\n<p>Sie k\u00f6nnen die Speicherung der Cookies durch eine entsprechende Einstellung Ihrer Browser-Software verhindern; wir weisen Sie jedoch darauf hin, dass Sie in diesem Fall gegebenenfalls nicht s\u00e4mtliche Funktionen dieser Webseite vollumf\u00e4nglich werden nutzen k\u00f6nnen. Sie k\u00f6nnen dar\u00fcber hinaus die Erfassung der durch das Cookie erzeugten und auf Ihre Nutzung der Webseite bezogenen Daten (inkl. Ihrer IP-Adresse) an Google sowie die Verarbeitung dieser Daten durch Google verhindern, indem Sie das unter dem folgenden Link verf\u00fcgbare Browser-Plugin herunterladen und installieren: <a>https:\/\/tools.google.com\/dlpage\/gaoptout<\/a>.<\/p>\n\n\n\n<p><strong>d) Weitere Informationen<\/strong><\/p>\n\n\n\n<p>N\u00e4here Informationen zu Nutzungsbedingungen und Datenschutz finden Sie unter <a>https:\/\/www.google.com\/analytics\/terms\/de.html<\/a> bzw. unter <a>https:\/\/policies.google.com\/privacy<\/a>.<\/p>\n\n\n\n<h2 class=\"wp-block-heading\">Fonts<\/h2>\n\n\n\n<h4 class=\"wp-block-heading\">Google Fonts<\/h4>\n\n\n\n<p>Unsere Webseite nutzt zur einheitlichen Darstellung von Schriftarten sogenannte Web Fonts, die von Google bereitgestellt werden. Beim Aufruf einer Seite l\u00e4dt Ihr Browser die ben\u00f6tigten Web Fonts in ihren Browsercache, um Texte und Schriftarten korrekt anzuzeigen. Zu diesem Zweck muss der von Ihnen verwendete Browser Verbindung zu den Servern von Google aufnehmen. Hierdurch erlangt Google Kenntnis dar\u00fcber, dass \u00fcber Ihre IP-Adresse unsere Webseite aufgerufen wurde. Die Nutzung von Google Fonts erfolgt im Interesse einer einheitlichen und ansprechenden Darstellung unserer Online-Angebote. Dies stellt ein berechtigtes Interesse im Sinne von Art. 6 Abs. 1 lit. f DSGVO dar.<\/p>\n\n\n\n<p>Falls Ihr Browser Web Fonts nicht unterst\u00fctzt, wird eine Standardschrift von Ihrem Computer genutzt.<\/p>\n\n\n\n<p>Weitere Informationen zu Google Web Fonts finden Sie unter <a>https:\/\/developers.google.com\/fonts\/faq<\/a> und in der Datenschutzerkl\u00e4rung von Google: <a>https:\/\/policies.google.com\/privacy<\/a>.<\/p>\n\n\n\n<h4 class=\"wp-block-heading\">Font Awesome<\/h4>\n\n\n\n<p>Unsere Webseite verwendet zur einheitlichen Darstellung von Icons und Symbolen sogenannte Web Fonts von Font Awesome. Beim Aufruf einer Seite l\u00e4dt Ihr Browser die ben\u00f6tigten Web Fonts in ihren Browsercache, um Icons und Schriftarten korrekt anzuzeigen. Zu diesem Zweck muss der von Ihnen verwendete Browser Verbindung zu den Servern von Font Awesome aufnehmen. Hierdurch erlangt Font Awesome Kenntnis dar\u00fcber, dass \u00fcber Ihre IP-Adresse unsere Webseite aufgerufen wurde. Die Nutzung von Font Awesome erfolgt im Interesse einer einheitlichen und ansprechenden Darstellung unserer Online-Angebote. Dies stellt ein berechtigtes Interesse im Sinne von Art. 6 Abs. 1 lit. f DSGVO dar.<\/p>\n\n\n\n<p>Falls Ihr Browser Web Fonts nicht unterst\u00fctzt, wird eine Standardschrift von Ihrem Computer genutzt.<\/p>\n\n\n\n<p>Weitere Informationen zu Font Awesome finden Sie in der Datenschutzerkl\u00e4rung von Font Awesome: <a>https:\/\/fontawesome.com\/privacy<\/a>.<\/p>\n\n\n\n<p><\/p>\n\n\n\n<p><\/p>\n\n\n\n<h2 class=\"wp-block-heading\">Plugins<\/h2>\n\n\n\n<p>Auf unserer Webseite verwenden wir verschiedene Plugins, um Ihnen ein besseres Nutzererlebnis zu bieten. Hier eine kurze \u00dcbersicht, was das bedeutet:<\/p>\n\n\n\n<p><strong>a) Was sind Plugins?<\/strong><\/p>\n\n\n\n<p>Plugins sind kleine Zusatzprogramme, die bestimmte Funktionen auf unserer Webseite erm\u00f6glichen. Das k\u00f6nnen zum Beispiel Social Media Buttons, Videos oder Karten sein.<\/p>\n\n\n\n<p><strong>b) Welche Plugins nutzen wir?<\/strong><\/p>\n\n\n\n<p>Hier sind einige Beispiele f\u00fcr die Plugins, die wir verwenden:<\/p>\n\n\n\n<p><strong>Social Media Plugins:<\/strong> Damit k\u00f6nnen Sie unsere Inhalte direkt auf Facebook, Twitter &amp; Co. teilen. Dabei kann es sein, dass diese Plattformen Daten von Ihnen sammeln.<\/p>\n\n\n\n<p><strong>Karten-Plugins:<\/strong> Zum Beispiel Google Maps, damit Sie gleich sehen, wo wir zu finden sind. Auch hier werden Daten \u00fcbertragen.<\/p>\n\n\n\n<p><strong>c) Was passiert mit Ihren Daten?<\/strong><\/p>\n\n\n\n<p>Wenn Sie eine Seite mit einem Plugin aufrufen, wird eine Verbindung zu den Servern des Anbieters hergestellt. Der Anbieter erf\u00e4hrt dann, dass Sie unsere Webseite besuchen und erh\u00e4lt eventuell noch weitere Daten wie Ihre IP-Adresse. Wenn Sie dabei bei dem Anbieter eingeloggt sind (z.B. bei Facebook), kann der Ihre Daten direkt Ihrem Profil zuordnen.<\/p>\n\n\n\n<p><strong>d) Ihre Wahl<\/strong><\/p>\n\n\n\n<p>Wenn Sie nicht m\u00f6chten, dass diese Anbieter Daten \u00fcber Sie sammeln, k\u00f6nnen Sie sich vor dem Besuch unserer Seite dort ausloggen. Sie k\u00f6nnen auch in Ihren Browsereinstellungen das Laden von Plugins verhindern (z.B. durch Adblocker). Das kann jedoch dazu f\u00fchren, dass unsere Webseite nicht mehr ganz so gut funktioniert.<\/p>\n\n\n\n<p>Mehr Informationen dar\u00fcber, was die einzelnen Anbieter mit Ihren Daten machen, finden Sie in deren Datenschutzerkl\u00e4rungen.<\/p>\n\n\n\n<p><\/p>\n\n\n\n<h2 class=\"wp-block-heading\">Google Maps<\/h2>\n\n\n\n<p>Unsere Webseite verwendet das Angebot von Google Maps. Dadurch k\u00f6nnen wir Ihnen interaktive Karten direkt auf der Webseite anzeigen und erm\u00f6glichen Ihnen die komfortable Nutzung der Kartenfunktion.<\/p>\n\n\n\n<p>Durch den Besuch unserer Webseite erh\u00e4lt Google die Information, dass Sie die entsprechende Unterseite unserer Webseite aufgerufen haben. Zudem werden die unter \u201eErhebung und Speicherung personenbezogener Daten sowie Art und Zweck von deren Verwendung\u201c dieser Datenschutzerkl\u00e4rung genannten Daten \u00fcbermittelt. Dies erfolgt unabh\u00e4ngig davon, ob Google ein Nutzerkonto bereitstellt, \u00fcber das Sie eingeloggt sind, oder ob kein Nutzerkonto besteht. Wenn Sie bei Google eingeloggt sind, werden Ihre Daten direkt Ihrem Konto zugeordnet. Wenn Sie die Zuordnung mit Ihrem Profil bei Google nicht w\u00fcnschen, m\u00fcssen Sie sich vor Aktivierung des Buttons ausloggen. Google speichert Ihre Daten als Nutzungsprofile und nutzt sie f\u00fcr Zwecke der Werbung, Marktforschung und\/oder bedarfsgerechten Gestaltung seiner Webseite. Eine solche Auswertung erfolgt insbesondere (selbst f\u00fcr nicht eingeloggte Nutzer) zur Erbringung von bedarfsgerechter Werbung und um andere Nutzer des sozialen Netzwerks \u00fcber Ihre Aktivit\u00e4ten auf unserer Webseite zu informieren. Ihnen steht ein Widerspruchsrecht zu gegen die Bildung dieser Nutzerprofile, wobei Sie sich zur Aus\u00fcbung dessen an Google richten m\u00fcssen.<\/p>\n\n\n\n<p>Weitere Informationen zu Zweck und Umfang der Datenerhebung und ihrer Verarbeitung durch den Plug-in-Anbieter erhalten Sie in den Datenschutzerkl\u00e4rungen des Anbieters. Dort erhalten Sie auch weitere Informationen zu Ihren diesbez\u00fcglichen Rechten und Einstellungsm\u00f6glichkeiten zum Schutze Ihrer Privatsph\u00e4re: <a href=\"https:\/\/policies.google.com\/privacy\">https:\/\/policies.google.com\/privacy<\/a>.<\/p>\n\n\n\n<h2 class=\"wp-block-heading\">Recht auf L\u00f6schung<\/h2>\n\n\n\n<p>Sie haben das Recht auf die L\u00f6schung ihrer personenbezogenen Daten. <\/p>\n\n\n\n<p>Wenden sie sich hierbei bitte an Carmen Hagen, office (at) wirtschaftsverein.at<\/p>\n\n\n\n<p>Unser Datenschutzbeauftragter wird veranlassen, dass dem Wunsch auf L\u00f6schung unverz\u00fcglich nachgekommen wird.<\/p>\n\n\n\n<h4 class=\"wp-block-heading\">Streitschlichtungsverfahren der EU<\/h4>\n\n\n\n<p>Die Europ\u00e4ische Kommission stellt eine Plattform zur Online-Streitbeilegung (OS) bereit, die Sie unter <a href=\"https:\/\/ec.europa.eu\/consumers\/odr\">https:\/\/ec.europa.eu\/consumers\/odr<\/a> finden. Verbraucher haben die M\u00f6glichkeit, diese Plattform f\u00fcr die Beilegung eventueller Streitigkeiten zu nutzen.<\/p>\n\n\n\n<p><\/p>\n","protected":false},"excerpt":{"rendered":"<p>Wer wir sind https:\/\/wirtschaftsverein.atAuf dieser Webseite erhalten sie Informationen \u00fcber den Handwerker- und Wirtschaftsverein Lauterach und dessen Aktivit\u00e4ten. Adresse: Montfortplatz 66923 LauterachTelefon: +43 (0)664 2025722E-Mail: office@wirtschaftsverein.at Diese Seite wird \u00fcber Zelos gehostet. Personenbezogene Daten Beim Besuch der Webseite Beim Aufrufen unserer Webseite werden vom Endger\u00e4t zum Einsatz kommenden Browser automatisch Informationen an den Server unserer [&hellip;]<\/p>\n","protected":false},"author":1,"featured_media":0,"parent":0,"menu_order":0,"comment_status":"closed","ping_status":"closed","template":"","meta":{"footnotes":""},"class_list":["post-3","page","type-page","status-publish","hentry"],"yoast_head":"<!-- This site is optimized with the Yoast SEO plugin v26.5 - https:\/\/yoast.com\/wordpress\/plugins\/seo\/ -->\n<title>Datenschutz - Wirtschaftsverein Lauter<\/title>\n<meta name=\"description\" content=\"Hier erfahren sie alles rund um den Datenschutz und unsere Richtlinien. Schauen sie vorbei, wenn sie mehr dar\u00fcber erfahren m\u00f6chten.\" \/>\n<meta name=\"robots\" content=\"index, follow, max-snippet:-1, max-image-preview:large, max-video-preview:-1\" \/>\n<link rel=\"canonical\" href=\"https:\/\/www.wirtschaftsverein.at\/?page_id=3\" \/>\n<meta property=\"og:locale\" content=\"de_DE\" \/>\n<meta property=\"og:type\" content=\"article\" \/>\n<meta property=\"og:title\" content=\"Datenschutz - Wirtschaftsverein Lauter\" \/>\n<meta property=\"og:description\" content=\"Hier erfahren sie alles rund um den Datenschutz und unsere Richtlinien. Schauen sie vorbei, wenn sie mehr dar\u00fcber erfahren m\u00f6chten.\" \/>\n<meta property=\"og:url\" content=\"https:\/\/www.wirtschaftsverein.at\/?page_id=3\" \/>\n<meta property=\"og:site_name\" content=\"Wirtschaftsverein Lauter\" \/>\n<meta property=\"article:modified_time\" content=\"2024-07-10T17:45:25+00:00\" \/>\n<meta name=\"twitter:card\" content=\"summary_large_image\" \/>\n<meta name=\"twitter:label1\" content=\"Gesch\u00e4tzte Lesezeit\" \/>\n\t<meta name=\"twitter:data1\" content=\"10\u00a0Minuten\" \/>\n<script type=\"application\/ld+json\" class=\"yoast-schema-graph\">{\"@context\":\"https:\/\/schema.org\",\"@graph\":[{\"@type\":\"WebPage\",\"@id\":\"https:\/\/www.wirtschaftsverein.at\/?page_id=3\",\"url\":\"https:\/\/www.wirtschaftsverein.at\/?page_id=3\",\"name\":\"Datenschutz - Wirtschaftsverein Lauter\",\"isPartOf\":{\"@id\":\"https:\/\/www.wirtschaftsverein.at\/#website\"},\"datePublished\":\"2024-04-24T19:32:49+00:00\",\"dateModified\":\"2024-07-10T17:45:25+00:00\",\"description\":\"Hier erfahren sie alles rund um den Datenschutz und unsere Richtlinien. Schauen sie vorbei, wenn sie mehr dar\u00fcber erfahren m\u00f6chten.\",\"breadcrumb\":{\"@id\":\"https:\/\/www.wirtschaftsverein.at\/?page_id=3#breadcrumb\"},\"inLanguage\":\"de\",\"potentialAction\":[{\"@type\":\"ReadAction\",\"target\":[\"https:\/\/www.wirtschaftsverein.at\/?page_id=3\"]}]},{\"@type\":\"BreadcrumbList\",\"@id\":\"https:\/\/www.wirtschaftsverein.at\/?page_id=3#breadcrumb\",\"itemListElement\":[{\"@type\":\"ListItem\",\"position\":1,\"name\":\"Startseite\",\"item\":\"https:\/\/www.wirtschaftsverein.at\/\"},{\"@type\":\"ListItem\",\"position\":2,\"name\":\"Datenschutz\"}]},{\"@type\":\"WebSite\",\"@id\":\"https:\/\/www.wirtschaftsverein.at\/#website\",\"url\":\"https:\/\/www.wirtschaftsverein.at\/\",\"name\":\"Wirtschaftsverein Lauter\",\"description\":\"\",\"publisher\":{\"@id\":\"https:\/\/www.wirtschaftsverein.at\/#organization\"},\"potentialAction\":[{\"@type\":\"SearchAction\",\"target\":{\"@type\":\"EntryPoint\",\"urlTemplate\":\"https:\/\/www.wirtschaftsverein.at\/?s={search_term_string}\"},\"query-input\":{\"@type\":\"PropertyValueSpecification\",\"valueRequired\":true,\"valueName\":\"search_term_string\"}}],\"inLanguage\":\"de\"},{\"@type\":\"Organization\",\"@id\":\"https:\/\/www.wirtschaftsverein.at\/#organization\",\"name\":\"Wirtschaftsverein Lauter\",\"url\":\"https:\/\/www.wirtschaftsverein.at\/\",\"logo\":{\"@type\":\"ImageObject\",\"inLanguage\":\"de\",\"@id\":\"https:\/\/www.wirtschaftsverein.at\/#\/schema\/logo\/image\/\",\"url\":\"https:\/\/www.wirtschaftsverein.at\/wp-content\/uploads\/2024\/04\/HWV-Logo.png\",\"contentUrl\":\"https:\/\/www.wirtschaftsverein.at\/wp-content\/uploads\/2024\/04\/HWV-Logo.png\",\"width\":1280,\"height\":482,\"caption\":\"Wirtschaftsverein Lauter\"},\"image\":{\"@id\":\"https:\/\/www.wirtschaftsverein.at\/#\/schema\/logo\/image\/\"}}]}<\/script>\n<!-- \/ Yoast SEO plugin. -->","yoast_head_json":{"title":"Datenschutz - Wirtschaftsverein Lauter","description":"Hier erfahren sie alles rund um den Datenschutz und unsere Richtlinien. Schauen sie vorbei, wenn sie mehr dar\u00fcber erfahren m\u00f6chten.","robots":{"index":"index","follow":"follow","max-snippet":"max-snippet:-1","max-image-preview":"max-image-preview:large","max-video-preview":"max-video-preview:-1"},"canonical":"https:\/\/www.wirtschaftsverein.at\/?page_id=3","og_locale":"de_DE","og_type":"article","og_title":"Datenschutz - Wirtschaftsverein Lauter","og_description":"Hier erfahren sie alles rund um den Datenschutz und unsere Richtlinien. Schauen sie vorbei, wenn sie mehr dar\u00fcber erfahren m\u00f6chten.","og_url":"https:\/\/www.wirtschaftsverein.at\/?page_id=3","og_site_name":"Wirtschaftsverein Lauter","article_modified_time":"2024-07-10T17:45:25+00:00","twitter_card":"summary_large_image","twitter_misc":{"Gesch\u00e4tzte Lesezeit":"10\u00a0Minuten"},"schema":{"@context":"https:\/\/schema.org","@graph":[{"@type":"WebPage","@id":"https:\/\/www.wirtschaftsverein.at\/?page_id=3","url":"https:\/\/www.wirtschaftsverein.at\/?page_id=3","name":"Datenschutz - Wirtschaftsverein Lauter","isPartOf":{"@id":"https:\/\/www.wirtschaftsverein.at\/#website"},"datePublished":"2024-04-24T19:32:49+00:00","dateModified":"2024-07-10T17:45:25+00:00","description":"Hier erfahren sie alles rund um den Datenschutz und unsere Richtlinien. Schauen sie vorbei, wenn sie mehr dar\u00fcber erfahren m\u00f6chten.","breadcrumb":{"@id":"https:\/\/www.wirtschaftsverein.at\/?page_id=3#breadcrumb"},"inLanguage":"de","potentialAction":[{"@type":"ReadAction","target":["https:\/\/www.wirtschaftsverein.at\/?page_id=3"]}]},{"@type":"BreadcrumbList","@id":"https:\/\/www.wirtschaftsverein.at\/?page_id=3#breadcrumb","itemListElement":[{"@type":"ListItem","position":1,"name":"Startseite","item":"https:\/\/www.wirtschaftsverein.at\/"},{"@type":"ListItem","position":2,"name":"Datenschutz"}]},{"@type":"WebSite","@id":"https:\/\/www.wirtschaftsverein.at\/#website","url":"https:\/\/www.wirtschaftsverein.at\/","name":"Wirtschaftsverein Lauter","description":"","publisher":{"@id":"https:\/\/www.wirtschaftsverein.at\/#organization"},"potentialAction":[{"@type":"SearchAction","target":{"@type":"EntryPoint","urlTemplate":"https:\/\/www.wirtschaftsverein.at\/?s={search_term_string}"},"query-input":{"@type":"PropertyValueSpecification","valueRequired":true,"valueName":"search_term_string"}}],"inLanguage":"de"},{"@type":"Organization","@id":"https:\/\/www.wirtschaftsverein.at\/#organization","name":"Wirtschaftsverein Lauter","url":"https:\/\/www.wirtschaftsverein.at\/","logo":{"@type":"ImageObject","inLanguage":"de","@id":"https:\/\/www.wirtschaftsverein.at\/#\/schema\/logo\/image\/","url":"https:\/\/www.wirtschaftsverein.at\/wp-content\/uploads\/2024\/04\/HWV-Logo.png","contentUrl":"https:\/\/www.wirtschaftsverein.at\/wp-content\/uploads\/2024\/04\/HWV-Logo.png","width":1280,"height":482,"caption":"Wirtschaftsverein Lauter"},"image":{"@id":"https:\/\/www.wirtschaftsverein.at\/#\/schema\/logo\/image\/"}}]}},"_links":{"self":[{"href":"https:\/\/www.wirtschaftsverein.at\/index.php?rest_route=\/wp\/v2\/pages\/3","targetHints":{"allow":["GET"]}}],"collection":[{"href":"https:\/\/www.wirtschaftsverein.at\/index.php?rest_route=\/wp\/v2\/pages"}],"about":[{"href":"https:\/\/www.wirtschaftsverein.at\/index.php?rest_route=\/wp\/v2\/types\/page"}],"author":[{"embeddable":true,"href":"https:\/\/www.wirtschaftsverein.at\/index.php?rest_route=\/wp\/v2\/users\/1"}],"replies":[{"embeddable":true,"href":"https:\/\/www.wirtschaftsverein.at\/index.php?rest_route=%2Fwp%2Fv2%2Fcomments&post=3"}],"version-history":[{"count":30,"href":"https:\/\/www.wirtschaftsverein.at\/index.php?rest_route=\/wp\/v2\/pages\/3\/revisions"}],"predecessor-version":[{"id":12730,"href":"https:\/\/www.wirtschaftsverein.at\/index.php?rest_route=\/wp\/v2\/pages\/3\/revisions\/12730"}],"wp:attachment":[{"href":"https:\/\/www.wirtschaftsverein.at\/index.php?rest_route=%2Fwp%2Fv2%2Fmedia&parent=3"}],"curies":[{"name":"wp","href":"https:\/\/api.w.org\/{rel}","templated":true}]}}